{"id":98884,"date":"2017-07-02T20:52:07","date_gmt":"2017-07-02T20:52:07","guid":{"rendered":"http:\/\/www.ceramictiles.com\/srbija\/product\/silk-mos-433\/"},"modified":"2017-07-02T20:52:07","modified_gmt":"2017-07-02T20:52:07","slug":"silk-mos-433","status":"publish","type":"product","link":"https:\/\/www.keramika.com\/srbija\/silk-mos-433\/","title":{"rendered":"Silk Mos 433"},"content":{"rendered":"<p>Plo\u010dice dolaze iz Italije, koja je poznata po kvalitetnoj keramiki. U izboru plo\u010dica sive boje, ne mo\u017eete pogre\u0161iti. Plo\u010dica 15&#215;15 cm je dobra za ve\u0107 razli\u010ditih namena. Debljina plo\u010dice, je vrlo va\u017ena 8 mm i ubraja tu plo\u010dicu me\u0111u najkvalitetnije.<\/p>\n<p>Kliknite na ime serije za sve plo\u010dice u toj seriji: <a class=\"pdfcatal\" href=\"\/\/www.ceramictiles.com\/pdf\/tonalite\/silk.pdf\" onclick=\"recordOutboundLink(this, 'E-mail', 'Description PDF');return false;\">Tonalite Silk<\/a><\/p>\n<p>Da bi naru\u010dili model iz PDF kataloga ove serije, molimo vas, da nas kontaktirate na: <a href=\"mailto:zo_mi@ceramictiles.com\" onclick=\"recordOutboundLink(this, 'E-mail', 'Description mail');return false;\">zo_mi@ceramictiles.com<\/a> ili nas pozovite na: For exact offer, PLS send us quantity and product you need with delivery address..<\/p>\n<p>Technical description: 15&#215;15 cm; 7,5&#215;15 cm; 10&#215;30 cm<\/p>\n","protected":false},"excerpt":{"rendered":"<p>Plo\u010dice dolaze iz Italije, koja je poznata po kvalitetnoj keramiki. U izboru plo\u010dica sive boje, ne mo\u017eete pogre\u0161iti. Plo\u010dica 15&#215;15 cm je dobra za ve\u0107 razli\u010ditih namena. Debljina plo\u010dice, je vrlo va\u017ena 8 mm i ubraja tu plo\u010dicu me\u0111u najkvalitetnije. Kliknite na ime serije za sve plo\u010dice u toj seriji: Tonalite Silk Da bi naru\u010dili [&hellip;]<\/p>\n","protected":false},"featured_media":98885,"template":"","meta":[],"product_cat":[200,230,999,9991048,250],"product_tag":[],"_links":{"self":[{"href":"https:\/\/www.keramika.com\/srbija\/wp-json\/wp\/v2\/product\/98884"}],"collection":[{"href":"https:\/\/www.keramika.com\/srbija\/wp-json\/wp\/v2\/product"}],"about":[{"href":"https:\/\/www.keramika.com\/srbija\/wp-json\/wp\/v2\/types\/product"}],"wp:featuredmedia":[{"embeddable":true,"href":"https:\/\/www.keramika.com\/srbija\/wp-json\/wp\/v2\/media\/98885"}],"wp:attachment":[{"href":"https:\/\/www.keramika.com\/srbija\/wp-json\/wp\/v2\/media?parent=98884"}],"wp:term":[{"taxonomy":"product_cat","embeddable":true,"href":"https:\/\/www.keramika.com\/srbija\/wp-json\/wp\/v2\/product_cat?post=98884"},{"taxonomy":"product_tag","embeddable":true,"href":"https:\/\/www.keramika.com\/srbija\/wp-json\/wp\/v2\/product_tag?post=98884"}],"curies":[{"name":"wp","href":"https:\/\/api.w.org\/{rel}","templated":true}]}}