{"id":98788,"date":"2017-07-02T20:36:48","date_gmt":"2017-07-02T20:36:48","guid":{"rendered":"http:\/\/www.ceramictiles.com\/srbija\/product\/silk-d-bub-vi\/"},"modified":"2017-07-02T20:36:48","modified_gmt":"2017-07-02T20:36:48","slug":"silk-d-bub-vi","status":"publish","type":"product","link":"https:\/\/www.keramika.com\/srbija\/silk-d-bub-vi\/","title":{"rendered":"Silk D Bub Vi"},"content":{"rendered":"<p>Debljina 8 mm \u010dini plo\u010dicu vrlo izdr\u017eljivom i prijatnom na dodir. Veli\u010dina plo\u010dice je 15&#215;15 cm i odli\u010dna je za razli\u010dite povr\u0161ine. Izuzetno moderne plo\u010dice srebrne boje, osve\u017eit \u0107e svaki prostor. Plo\u010dice dolaze iz Italije, koja je poznata po kvalitetnoj keramiki.<\/p>\n<p>Kliknite na ime serije za sve plo\u010dice u toj seriji: <a class=\"pdfcatal\" href=\"\/\/www.ceramictiles.com\/pdf\/tonalite\/silk.pdf\" onclick=\"recordOutboundLink(this, 'E-mail', 'Description PDF');return false;\">Tonalite Silk<\/a><\/p>\n<p>Da bi naru\u010dili model iz PDF kataloga ove serije, molimo vas, da nas kontaktirate na: <a href=\"mailto:zo_mi@ceramictiles.com\" onclick=\"recordOutboundLink(this, 'E-mail', 'Description mail');return false;\">zo_mi@ceramictiles.com<\/a> ili nas pozovite na: For exact offer, PLS send us quantity and product you need with delivery address..<\/p>\n<p>Technical description: 15&#215;15 cm; 7,5&#215;15 cm; 10&#215;30 cm<\/p>\n","protected":false},"excerpt":{"rendered":"<p>Debljina 8 mm \u010dini plo\u010dicu vrlo izdr\u017eljivom i prijatnom na dodir. Veli\u010dina plo\u010dice je 15&#215;15 cm i odli\u010dna je za razli\u010dite povr\u0161ine. Izuzetno moderne plo\u010dice srebrne boje, osve\u017eit \u0107e svaki prostor. Plo\u010dice dolaze iz Italije, koja je poznata po kvalitetnoj keramiki. Kliknite na ime serije za sve plo\u010dice u toj seriji: Tonalite Silk Da bi [&hellip;]<\/p>\n","protected":false},"featured_media":98789,"template":"","meta":[],"product_cat":[200,230,999,9991048,250],"product_tag":[],"_links":{"self":[{"href":"https:\/\/www.keramika.com\/srbija\/wp-json\/wp\/v2\/product\/98788"}],"collection":[{"href":"https:\/\/www.keramika.com\/srbija\/wp-json\/wp\/v2\/product"}],"about":[{"href":"https:\/\/www.keramika.com\/srbija\/wp-json\/wp\/v2\/types\/product"}],"wp:featuredmedia":[{"embeddable":true,"href":"https:\/\/www.keramika.com\/srbija\/wp-json\/wp\/v2\/media\/98789"}],"wp:attachment":[{"href":"https:\/\/www.keramika.com\/srbija\/wp-json\/wp\/v2\/media?parent=98788"}],"wp:term":[{"taxonomy":"product_cat","embeddable":true,"href":"https:\/\/www.keramika.com\/srbija\/wp-json\/wp\/v2\/product_cat?post=98788"},{"taxonomy":"product_tag","embeddable":true,"href":"https:\/\/www.keramika.com\/srbija\/wp-json\/wp\/v2\/product_tag?post=98788"}],"curies":[{"name":"wp","href":"https:\/\/api.w.org\/{rel}","templated":true}]}}