{"id":98780,"date":"2017-07-02T20:35:32","date_gmt":"2017-07-02T20:35:32","guid":{"rendered":"http:\/\/www.ceramictiles.com\/srbija\/product\/silk-d-bub-ge\/"},"modified":"2017-07-02T20:35:32","modified_gmt":"2017-07-02T20:35:32","slug":"silk-d-bub-ge","status":"publish","type":"product","link":"https:\/\/www.keramika.com\/srbija\/silk-d-bub-ge\/","title":{"rendered":"Silk D Bub Ge"},"content":{"rendered":"<p>Plo\u010dica 15&#215;15 cm je dobra za ve\u0107 razli\u010ditih namena. Silk D Bub Ge je proizvod iz Italije te je izuzetno kvalitetna. Plo\u010dice bele boje, su letos izuzetno tre\u017eene. Ova plo\u010dica je debela 8 mm i zato je izuzetno izdr\u017eljiva.<\/p>\n<p>Kliknite na ime serije za sve plo\u010dice u toj seriji: <a class=\"pdfcatal\" href=\"\/\/www.ceramictiles.com\/pdf\/tonalite\/silk.pdf\" onclick=\"recordOutboundLink(this, 'E-mail', 'Description PDF');return false;\">Tonalite Silk<\/a><\/p>\n<p>Da bi naru\u010dili model iz PDF kataloga ove serije, molimo vas, da nas kontaktirate na: <a href=\"mailto:zo_mi@ceramictiles.com\" onclick=\"recordOutboundLink(this, 'E-mail', 'Description mail');return false;\">zo_mi@ceramictiles.com<\/a> ili nas pozovite na: For exact offer, PLS send us quantity and product you need with delivery address..<\/p>\n<p>Technical description: 15&#215;15 cm; 7,5&#215;15 cm; 10&#215;30 cm<\/p>\n","protected":false},"excerpt":{"rendered":"<p>Plo\u010dica 15&#215;15 cm je dobra za ve\u0107 razli\u010ditih namena. Silk D Bub Ge je proizvod iz Italije te je izuzetno kvalitetna. Plo\u010dice bele boje, su letos izuzetno tre\u017eene. Ova plo\u010dica je debela 8 mm i zato je izuzetno izdr\u017eljiva. Kliknite na ime serije za sve plo\u010dice u toj seriji: Tonalite Silk Da bi naru\u010dili model [&hellip;]<\/p>\n","protected":false},"featured_media":98781,"template":"","meta":[],"product_cat":[200,230,999,9991048,250],"product_tag":[],"_links":{"self":[{"href":"https:\/\/www.keramika.com\/srbija\/wp-json\/wp\/v2\/product\/98780"}],"collection":[{"href":"https:\/\/www.keramika.com\/srbija\/wp-json\/wp\/v2\/product"}],"about":[{"href":"https:\/\/www.keramika.com\/srbija\/wp-json\/wp\/v2\/types\/product"}],"wp:featuredmedia":[{"embeddable":true,"href":"https:\/\/www.keramika.com\/srbija\/wp-json\/wp\/v2\/media\/98781"}],"wp:attachment":[{"href":"https:\/\/www.keramika.com\/srbija\/wp-json\/wp\/v2\/media?parent=98780"}],"wp:term":[{"taxonomy":"product_cat","embeddable":true,"href":"https:\/\/www.keramika.com\/srbija\/wp-json\/wp\/v2\/product_cat?post=98780"},{"taxonomy":"product_tag","embeddable":true,"href":"https:\/\/www.keramika.com\/srbija\/wp-json\/wp\/v2\/product_tag?post=98780"}],"curies":[{"name":"wp","href":"https:\/\/api.w.org\/{rel}","templated":true}]}}