{"id":98758,"date":"2017-07-02T20:32:34","date_gmt":"2017-07-02T20:32:34","guid":{"rendered":"http:\/\/www.ceramictiles.com\/srbija\/product\/silk-77631\/"},"modified":"2017-07-02T20:32:34","modified_gmt":"2017-07-02T20:32:34","slug":"silk-77631","status":"publish","type":"product","link":"https:\/\/www.keramika.com\/srbija\/silk-77631\/","title":{"rendered":"Silk 77631"},"content":{"rendered":"<p>Ove bele kerami\u010dke plo\u010dice, obogatit \u0107e svaki prostor. plo\u010dica proizvo\u0111a\u010da Tonalite iz Italije. Dimenzije ovih plo\u010dica su 15&#215;15 cm. 8 mm debljine je dovoljno za zahtevnije kupce.<\/p>\n<p>Kliknite na ime serije za sve plo\u010dice u toj seriji: <a class=\"pdfcatal\" href=\"\/\/www.ceramictiles.com\/pdf\/tonalite\/silk.pdf\" onclick=\"recordOutboundLink(this, 'E-mail', 'Description PDF');return false;\">Tonalite Silk<\/a><\/p>\n<p>Da bi naru\u010dili model iz PDF kataloga ove serije, molimo vas, da nas kontaktirate na: <a href=\"mailto:zo_mi@ceramictiles.com\" onclick=\"recordOutboundLink(this, 'E-mail', 'Description mail');return false;\">zo_mi@ceramictiles.com<\/a> ili nas pozovite na: For exact offer, PLS send us quantity and product you need with delivery address..<\/p>\n<p>Technical description: 15&#215;15 cm; 7,5&#215;15 cm; 10&#215;30 cm<\/p>\n","protected":false},"excerpt":{"rendered":"<p>Ove bele kerami\u010dke plo\u010dice, obogatit \u0107e svaki prostor. plo\u010dica proizvo\u0111a\u010da Tonalite iz Italije. Dimenzije ovih plo\u010dica su 15&#215;15 cm. 8 mm debljine je dovoljno za zahtevnije kupce. Kliknite na ime serije za sve plo\u010dice u toj seriji: Tonalite Silk Da bi naru\u010dili model iz PDF kataloga ove serije, molimo vas, da nas kontaktirate na: zo_mi@ceramictiles.com [&hellip;]<\/p>\n","protected":false},"featured_media":98759,"template":"","meta":[],"product_cat":[200,230,999,9991048,250],"product_tag":[],"_links":{"self":[{"href":"https:\/\/www.keramika.com\/srbija\/wp-json\/wp\/v2\/product\/98758"}],"collection":[{"href":"https:\/\/www.keramika.com\/srbija\/wp-json\/wp\/v2\/product"}],"about":[{"href":"https:\/\/www.keramika.com\/srbija\/wp-json\/wp\/v2\/types\/product"}],"wp:featuredmedia":[{"embeddable":true,"href":"https:\/\/www.keramika.com\/srbija\/wp-json\/wp\/v2\/media\/98759"}],"wp:attachment":[{"href":"https:\/\/www.keramika.com\/srbija\/wp-json\/wp\/v2\/media?parent=98758"}],"wp:term":[{"taxonomy":"product_cat","embeddable":true,"href":"https:\/\/www.keramika.com\/srbija\/wp-json\/wp\/v2\/product_cat?post=98758"},{"taxonomy":"product_tag","embeddable":true,"href":"https:\/\/www.keramika.com\/srbija\/wp-json\/wp\/v2\/product_tag?post=98758"}],"curies":[{"name":"wp","href":"https:\/\/api.w.org\/{rel}","templated":true}]}}