{"id":98682,"date":"2017-07-02T20:22:43","date_gmt":"2017-07-02T20:22:43","guid":{"rendered":"http:\/\/www.ceramictiles.com\/srbija\/product\/silk-3624\/"},"modified":"2017-07-02T20:22:43","modified_gmt":"2017-07-02T20:22:43","slug":"silk-3624","status":"publish","type":"product","link":"https:\/\/www.keramika.com\/srbija\/silk-3624\/","title":{"rendered":"Silk 3624"},"content":{"rendered":"<p>plo\u010dica proizvo\u0111a\u010da Tonalite iz Italije. Veli\u010dina 15&#215;15 cm je odli\u010dna za sve podloge. 8 mm debljina \u0107e zadovoljiti i najzahtevnije kupce. Plo\u010dice sive boje, su letos izuzetno tre\u017eene.<\/p>\n<p>Kliknite na ime serije za sve plo\u010dice u toj seriji: <a class=\"pdfcatal\" href=\"\/\/www.ceramictiles.com\/pdf\/tonalite\/silk.pdf\" onclick=\"recordOutboundLink(this, 'E-mail', 'Description PDF');return false;\">Tonalite Silk<\/a><\/p>\n<p>Da bi naru\u010dili model iz PDF kataloga ove serije, molimo vas, da nas kontaktirate na: <a href=\"mailto:zo_mi@ceramictiles.com\" onclick=\"recordOutboundLink(this, 'E-mail', 'Description mail');return false;\">zo_mi@ceramictiles.com<\/a> ili nas pozovite na: For exact offer, PLS send us quantity and product you need with delivery address..<\/p>\n<p>Technical description: 15&#215;15 cm; 7,5&#215;15 cm; 10&#215;30 cm<\/p>\n","protected":false},"excerpt":{"rendered":"<p>plo\u010dica proizvo\u0111a\u010da Tonalite iz Italije. Veli\u010dina 15&#215;15 cm je odli\u010dna za sve podloge. 8 mm debljina \u0107e zadovoljiti i najzahtevnije kupce. Plo\u010dice sive boje, su letos izuzetno tre\u017eene. Kliknite na ime serije za sve plo\u010dice u toj seriji: Tonalite Silk Da bi naru\u010dili model iz PDF kataloga ove serije, molimo vas, da nas kontaktirate na: [&hellip;]<\/p>\n","protected":false},"featured_media":98683,"template":"","meta":[],"product_cat":[200,230,999,9991048,250],"product_tag":[],"_links":{"self":[{"href":"https:\/\/www.keramika.com\/srbija\/wp-json\/wp\/v2\/product\/98682"}],"collection":[{"href":"https:\/\/www.keramika.com\/srbija\/wp-json\/wp\/v2\/product"}],"about":[{"href":"https:\/\/www.keramika.com\/srbija\/wp-json\/wp\/v2\/types\/product"}],"wp:featuredmedia":[{"embeddable":true,"href":"https:\/\/www.keramika.com\/srbija\/wp-json\/wp\/v2\/media\/98683"}],"wp:attachment":[{"href":"https:\/\/www.keramika.com\/srbija\/wp-json\/wp\/v2\/media?parent=98682"}],"wp:term":[{"taxonomy":"product_cat","embeddable":true,"href":"https:\/\/www.keramika.com\/srbija\/wp-json\/wp\/v2\/product_cat?post=98682"},{"taxonomy":"product_tag","embeddable":true,"href":"https:\/\/www.keramika.com\/srbija\/wp-json\/wp\/v2\/product_tag?post=98682"}],"curies":[{"name":"wp","href":"https:\/\/api.w.org\/{rel}","templated":true}]}}