{"id":98680,"date":"2017-07-02T20:22:23","date_gmt":"2017-07-02T20:22:23","guid":{"rendered":"http:\/\/www.ceramictiles.com\/srbija\/product\/silk-3620\/"},"modified":"2017-07-02T20:22:23","modified_gmt":"2017-07-02T20:22:23","slug":"silk-3620","status":"publish","type":"product","link":"https:\/\/www.keramika.com\/srbija\/silk-3620\/","title":{"rendered":"Silk 3620"},"content":{"rendered":"<p>Ove bele kerami\u010dke plo\u010dice, obogatit \u0107e svaki prostor. Ova plo\u010dica je debela 8 mm i zato je izuzetno izdr\u017eljiva. Silk 3620 je proizvod iz Italije te je izuzetno kvalitetna. Veli\u010dina 15&#215;15 cm je odli\u010dna za sve podloge.<\/p>\n<p>Kliknite na ime serije za sve plo\u010dice u toj seriji: <a class=\"pdfcatal\" href=\"\/\/www.ceramictiles.com\/pdf\/tonalite\/silk.pdf\" onclick=\"recordOutboundLink(this, 'E-mail', 'Description PDF');return false;\">Tonalite Silk<\/a><\/p>\n<p>Da bi naru\u010dili model iz PDF kataloga ove serije, molimo vas, da nas kontaktirate na: <a href=\"mailto:zo_mi@ceramictiles.com\" onclick=\"recordOutboundLink(this, 'E-mail', 'Description mail');return false;\">zo_mi@ceramictiles.com<\/a> ili nas pozovite na: For exact offer, PLS send us quantity and product you need with delivery address..<\/p>\n<p>Technical description: 15&#215;15 cm; 7,5&#215;15 cm; 10&#215;30 cm<\/p>\n","protected":false},"excerpt":{"rendered":"<p>Ove bele kerami\u010dke plo\u010dice, obogatit \u0107e svaki prostor. Ova plo\u010dica je debela 8 mm i zato je izuzetno izdr\u017eljiva. Silk 3620 je proizvod iz Italije te je izuzetno kvalitetna. Veli\u010dina 15&#215;15 cm je odli\u010dna za sve podloge. Kliknite na ime serije za sve plo\u010dice u toj seriji: Tonalite Silk Da bi naru\u010dili model iz PDF [&hellip;]<\/p>\n","protected":false},"featured_media":98681,"template":"","meta":[],"product_cat":[200,230,999,9991048,250],"product_tag":[],"_links":{"self":[{"href":"https:\/\/www.keramika.com\/srbija\/wp-json\/wp\/v2\/product\/98680"}],"collection":[{"href":"https:\/\/www.keramika.com\/srbija\/wp-json\/wp\/v2\/product"}],"about":[{"href":"https:\/\/www.keramika.com\/srbija\/wp-json\/wp\/v2\/types\/product"}],"wp:featuredmedia":[{"embeddable":true,"href":"https:\/\/www.keramika.com\/srbija\/wp-json\/wp\/v2\/media\/98681"}],"wp:attachment":[{"href":"https:\/\/www.keramika.com\/srbija\/wp-json\/wp\/v2\/media?parent=98680"}],"wp:term":[{"taxonomy":"product_cat","embeddable":true,"href":"https:\/\/www.keramika.com\/srbija\/wp-json\/wp\/v2\/product_cat?post=98680"},{"taxonomy":"product_tag","embeddable":true,"href":"https:\/\/www.keramika.com\/srbija\/wp-json\/wp\/v2\/product_tag?post=98680"}],"curies":[{"name":"wp","href":"https:\/\/api.w.org\/{rel}","templated":true}]}}