{"id":98632,"date":"2017-07-02T20:14:05","date_gmt":"2017-07-02T20:14:05","guid":{"rendered":"http:\/\/www.ceramictiles.com\/srbija\/product\/satin-fr-sax-gr\/"},"modified":"2017-07-02T20:14:05","modified_gmt":"2017-07-02T20:14:05","slug":"satin-fr-sax-gr","status":"publish","type":"product","link":"https:\/\/www.keramika.com\/srbija\/satin-fr-sax-gr\/","title":{"rendered":"Satin Fr Sax Gr"},"content":{"rendered":"<p>8 mm debljine je dovoljno za zahtevnije kupce. Plo\u010dica na sliki je 7,5&#215;15 cm. Satin Fr Sax Gr dolazi iz Italije, koja je poznata po vrlo visokoj kvaliteta keramike u svetu. Plo\u010dice sive boje osvje\u017eit \u0107e svaki prostor.<\/p>\n<p>Kliknite na ime serije za sve plo\u010dice u toj seriji: <a class=\"pdfcatal\" href=\"\/\/www.ceramictiles.com\/pdf\/tonalite\/satin.pdf\" onclick=\"recordOutboundLink(this, 'E-mail', 'Description PDF');return false;\">Tonalite Satin<\/a><\/p>\n<p>Da bi naru\u010dili model iz PDF kataloga ove serije, molimo vas, da nas kontaktirate na: <a href=\"mailto:zo_mi@ceramictiles.com\" onclick=\"recordOutboundLink(this, 'E-mail', 'Description mail');return false;\">zo_mi@ceramictiles.com<\/a> ili nas pozovite na: For exact offer, PLS send us quantity and product you need with delivery address..<\/p>\n<p>Technical description: 15&#215;15 cm; 7,5&#215;15 cm; 10&#215;30 cm<\/p>\n","protected":false},"excerpt":{"rendered":"<p>8 mm debljine je dovoljno za zahtevnije kupce. Plo\u010dica na sliki je 7,5&#215;15 cm. Satin Fr Sax Gr dolazi iz Italije, koja je poznata po vrlo visokoj kvaliteta keramike u svetu. Plo\u010dice sive boje osvje\u017eit \u0107e svaki prostor. Kliknite na ime serije za sve plo\u010dice u toj seriji: Tonalite Satin Da bi naru\u010dili model iz [&hellip;]<\/p>\n","protected":false},"featured_media":98633,"template":"","meta":[],"product_cat":[200,230,999,9991048,250],"product_tag":[],"_links":{"self":[{"href":"https:\/\/www.keramika.com\/srbija\/wp-json\/wp\/v2\/product\/98632"}],"collection":[{"href":"https:\/\/www.keramika.com\/srbija\/wp-json\/wp\/v2\/product"}],"about":[{"href":"https:\/\/www.keramika.com\/srbija\/wp-json\/wp\/v2\/types\/product"}],"wp:featuredmedia":[{"embeddable":true,"href":"https:\/\/www.keramika.com\/srbija\/wp-json\/wp\/v2\/media\/98633"}],"wp:attachment":[{"href":"https:\/\/www.keramika.com\/srbija\/wp-json\/wp\/v2\/media?parent=98632"}],"wp:term":[{"taxonomy":"product_cat","embeddable":true,"href":"https:\/\/www.keramika.com\/srbija\/wp-json\/wp\/v2\/product_cat?post=98632"},{"taxonomy":"product_tag","embeddable":true,"href":"https:\/\/www.keramika.com\/srbija\/wp-json\/wp\/v2\/product_tag?post=98632"}],"curies":[{"name":"wp","href":"https:\/\/api.w.org\/{rel}","templated":true}]}}