{"id":98600,"date":"2017-07-02T20:09:38","date_gmt":"2017-07-02T20:09:38","guid":{"rendered":"http:\/\/www.ceramictiles.com\/srbija\/product\/satin-fr-bot-gr\/"},"modified":"2017-07-02T20:09:38","modified_gmt":"2017-07-02T20:09:38","slug":"satin-fr-bot-gr","status":"publish","type":"product","link":"https:\/\/www.keramika.com\/srbija\/satin-fr-bot-gr\/","title":{"rendered":"Satin Fr Bot Gr"},"content":{"rendered":"<p>Plo\u010dice bele boje, su letos izuzetno tre\u017eene. Veli\u010dina ove plo\u010dice je 7,5&#215;15 cm. 8 mm debljina \u0107e zadovoljiti i najzahtevnije kupce. plo\u010dica proizvo\u0111a\u010da Tonalite iz Italije.<\/p>\n<p>Kliknite na ime serije za sve plo\u010dice u toj seriji: <a class=\"pdfcatal\" href=\"\/\/www.ceramictiles.com\/pdf\/tonalite\/satin.pdf\" onclick=\"recordOutboundLink(this, 'E-mail', 'Description PDF');return false;\">Tonalite Satin<\/a><\/p>\n<p>Da bi naru\u010dili model iz PDF kataloga ove serije, molimo vas, da nas kontaktirate na: <a href=\"mailto:zo_mi@ceramictiles.com\" onclick=\"recordOutboundLink(this, 'E-mail', 'Description mail');return false;\">zo_mi@ceramictiles.com<\/a> ili nas pozovite na: For exact offer, PLS send us quantity and product you need with delivery address..<\/p>\n<p>Technical description: 15&#215;15 cm; 7,5&#215;15 cm; 10&#215;30 cm<\/p>\n","protected":false},"excerpt":{"rendered":"<p>Plo\u010dice bele boje, su letos izuzetno tre\u017eene. Veli\u010dina ove plo\u010dice je 7,5&#215;15 cm. 8 mm debljina \u0107e zadovoljiti i najzahtevnije kupce. plo\u010dica proizvo\u0111a\u010da Tonalite iz Italije. Kliknite na ime serije za sve plo\u010dice u toj seriji: Tonalite Satin Da bi naru\u010dili model iz PDF kataloga ove serije, molimo vas, da nas kontaktirate na: zo_mi@ceramictiles.com ili [&hellip;]<\/p>\n","protected":false},"featured_media":98601,"template":"","meta":[],"product_cat":[200,230,999,9991048,250],"product_tag":[],"_links":{"self":[{"href":"https:\/\/www.keramika.com\/srbija\/wp-json\/wp\/v2\/product\/98600"}],"collection":[{"href":"https:\/\/www.keramika.com\/srbija\/wp-json\/wp\/v2\/product"}],"about":[{"href":"https:\/\/www.keramika.com\/srbija\/wp-json\/wp\/v2\/types\/product"}],"wp:featuredmedia":[{"embeddable":true,"href":"https:\/\/www.keramika.com\/srbija\/wp-json\/wp\/v2\/media\/98601"}],"wp:attachment":[{"href":"https:\/\/www.keramika.com\/srbija\/wp-json\/wp\/v2\/media?parent=98600"}],"wp:term":[{"taxonomy":"product_cat","embeddable":true,"href":"https:\/\/www.keramika.com\/srbija\/wp-json\/wp\/v2\/product_cat?post=98600"},{"taxonomy":"product_tag","embeddable":true,"href":"https:\/\/www.keramika.com\/srbija\/wp-json\/wp\/v2\/product_tag?post=98600"}],"curies":[{"name":"wp","href":"https:\/\/api.w.org\/{rel}","templated":true}]}}