{"id":98588,"date":"2017-07-02T20:08:04","date_gmt":"2017-07-02T20:08:04","guid":{"rendered":"http:\/\/www.ceramictiles.com\/srbija\/product\/satin-77676\/"},"modified":"2017-07-02T20:08:04","modified_gmt":"2017-07-02T20:08:04","slug":"satin-77676","status":"publish","type":"product","link":"https:\/\/www.keramika.com\/srbija\/satin-77676\/","title":{"rendered":"Satin 77676"},"content":{"rendered":"<p>Debljina plo\u010dice, je vrlo va\u017ena 8 mm i ubraja tu plo\u010dicu me\u0111u najkvalitetnije. Veli\u010dina plo\u010dice je 7,5&#215;15 cm i odli\u010dna je za razli\u010dite povr\u0161ine. Plo\u010dice dolaze iz Italije, koja je poznata po kvalitetnoj keramiki. Ta kolekcija, model plo\u010dice, se prodaje najvi\u0161e braon boje.<\/p>\n<p>Kliknite na ime serije za sve plo\u010dice u toj seriji: <a class=\"pdfcatal\" href=\"\/\/www.ceramictiles.com\/pdf\/tonalite\/satin.pdf\" onclick=\"recordOutboundLink(this, 'E-mail', 'Description PDF');return false;\">Tonalite Satin<\/a><\/p>\n<p>Da bi naru\u010dili model iz PDF kataloga ove serije, molimo vas, da nas kontaktirate na: <a href=\"mailto:zo_mi@ceramictiles.com\" onclick=\"recordOutboundLink(this, 'E-mail', 'Description mail');return false;\">zo_mi@ceramictiles.com<\/a> ili nas pozovite na: For exact offer, PLS send us quantity and product you need with delivery address..<\/p>\n<p>Technical description: 15&#215;15 cm; 7,5&#215;15 cm; 10&#215;30 cm<\/p>\n","protected":false},"excerpt":{"rendered":"<p>Debljina plo\u010dice, je vrlo va\u017ena 8 mm i ubraja tu plo\u010dicu me\u0111u najkvalitetnije. Veli\u010dina plo\u010dice je 7,5&#215;15 cm i odli\u010dna je za razli\u010dite povr\u0161ine. Plo\u010dice dolaze iz Italije, koja je poznata po kvalitetnoj keramiki. Ta kolekcija, model plo\u010dice, se prodaje najvi\u0161e braon boje. Kliknite na ime serije za sve plo\u010dice u toj seriji: Tonalite Satin [&hellip;]<\/p>\n","protected":false},"featured_media":98589,"template":"","meta":[],"product_cat":[200,230,999,9991048,250],"product_tag":[],"_links":{"self":[{"href":"https:\/\/www.keramika.com\/srbija\/wp-json\/wp\/v2\/product\/98588"}],"collection":[{"href":"https:\/\/www.keramika.com\/srbija\/wp-json\/wp\/v2\/product"}],"about":[{"href":"https:\/\/www.keramika.com\/srbija\/wp-json\/wp\/v2\/types\/product"}],"wp:featuredmedia":[{"embeddable":true,"href":"https:\/\/www.keramika.com\/srbija\/wp-json\/wp\/v2\/media\/98589"}],"wp:attachment":[{"href":"https:\/\/www.keramika.com\/srbija\/wp-json\/wp\/v2\/media?parent=98588"}],"wp:term":[{"taxonomy":"product_cat","embeddable":true,"href":"https:\/\/www.keramika.com\/srbija\/wp-json\/wp\/v2\/product_cat?post=98588"},{"taxonomy":"product_tag","embeddable":true,"href":"https:\/\/www.keramika.com\/srbija\/wp-json\/wp\/v2\/product_tag?post=98588"}],"curies":[{"name":"wp","href":"https:\/\/api.w.org\/{rel}","templated":true}]}}