{"id":98582,"date":"2017-07-02T20:07:18","date_gmt":"2017-07-02T20:07:18","guid":{"rendered":"http:\/\/www.ceramictiles.com\/srbija\/product\/satin-77673\/"},"modified":"2017-07-02T20:07:18","modified_gmt":"2017-07-02T20:07:18","slug":"satin-77673","status":"publish","type":"product","link":"https:\/\/www.keramika.com\/srbija\/satin-77673\/","title":{"rendered":"Satin 77673"},"content":{"rendered":"<p>Ova plo\u010dica je debela 8 mm i zato je izuzetno izdr\u017eljiva. Veli\u010dina plo\u010dice je 7,5&#215;15 cm i odli\u010dna je za razli\u010dite povr\u0161ine. plo\u010dica proizvo\u0111a\u010da Tonalite iz Italije. Plo\u010dice sive boje, su letos izuzetno tre\u017eene.<\/p>\n<p>Kliknite na ime serije za sve plo\u010dice u toj seriji: <a class=\"pdfcatal\" href=\"\/\/www.ceramictiles.com\/pdf\/tonalite\/satin.pdf\" onclick=\"recordOutboundLink(this, 'E-mail', 'Description PDF');return false;\">Tonalite Satin<\/a><\/p>\n<p>Da bi naru\u010dili model iz PDF kataloga ove serije, molimo vas, da nas kontaktirate na: <a href=\"mailto:zo_mi@ceramictiles.com\" onclick=\"recordOutboundLink(this, 'E-mail', 'Description mail');return false;\">zo_mi@ceramictiles.com<\/a> ili nas pozovite na: For exact offer, PLS send us quantity and product you need with delivery address..<\/p>\n<p>Technical description: 15&#215;15 cm; 7,5&#215;15 cm; 10&#215;30 cm<\/p>\n","protected":false},"excerpt":{"rendered":"<p>Ova plo\u010dica je debela 8 mm i zato je izuzetno izdr\u017eljiva. Veli\u010dina plo\u010dice je 7,5&#215;15 cm i odli\u010dna je za razli\u010dite povr\u0161ine. plo\u010dica proizvo\u0111a\u010da Tonalite iz Italije. Plo\u010dice sive boje, su letos izuzetno tre\u017eene. Kliknite na ime serije za sve plo\u010dice u toj seriji: Tonalite Satin Da bi naru\u010dili model iz PDF kataloga ove serije, [&hellip;]<\/p>\n","protected":false},"featured_media":98583,"template":"","meta":[],"product_cat":[200,230,999,9991048,250],"product_tag":[],"_links":{"self":[{"href":"https:\/\/www.keramika.com\/srbija\/wp-json\/wp\/v2\/product\/98582"}],"collection":[{"href":"https:\/\/www.keramika.com\/srbija\/wp-json\/wp\/v2\/product"}],"about":[{"href":"https:\/\/www.keramika.com\/srbija\/wp-json\/wp\/v2\/types\/product"}],"wp:featuredmedia":[{"embeddable":true,"href":"https:\/\/www.keramika.com\/srbija\/wp-json\/wp\/v2\/media\/98583"}],"wp:attachment":[{"href":"https:\/\/www.keramika.com\/srbija\/wp-json\/wp\/v2\/media?parent=98582"}],"wp:term":[{"taxonomy":"product_cat","embeddable":true,"href":"https:\/\/www.keramika.com\/srbija\/wp-json\/wp\/v2\/product_cat?post=98582"},{"taxonomy":"product_tag","embeddable":true,"href":"https:\/\/www.keramika.com\/srbija\/wp-json\/wp\/v2\/product_tag?post=98582"}],"curies":[{"name":"wp","href":"https:\/\/api.w.org\/{rel}","templated":true}]}}