{"id":98542,"date":"2017-07-02T20:02:19","date_gmt":"2017-07-02T20:02:19","guid":{"rendered":"http:\/\/www.ceramictiles.com\/srbija\/product\/satin-4671di\/"},"modified":"2017-07-02T20:02:19","modified_gmt":"2017-07-02T20:02:19","slug":"satin-4671di","status":"publish","type":"product","link":"https:\/\/www.keramika.com\/srbija\/satin-4671di\/","title":{"rendered":"Satin 4671Di"},"content":{"rendered":"<p>\u0160irina i du\u017eina plo\u010dice su 7,5&#215;15 cm. Satin 4671Di dolazi iz Italije, koja je poznata po vrlo visokoj kvaliteta keramike u svetu. 8 mm debljine je dovoljno za zahtevnije kupce. Ta kolekcija, model plo\u010dice, se prodaje najvi\u0161e bele boje.<\/p>\n<p>Kliknite na ime serije za sve plo\u010dice u toj seriji: <a class=\"pdfcatal\" href=\"\/\/www.ceramictiles.com\/pdf\/tonalite\/satin.pdf\" onclick=\"recordOutboundLink(this, 'E-mail', 'Description PDF');return false;\">Tonalite Satin<\/a><\/p>\n<p>Da bi naru\u010dili model iz PDF kataloga ove serije, molimo vas, da nas kontaktirate na: <a href=\"mailto:zo_mi@ceramictiles.com\" onclick=\"recordOutboundLink(this, 'E-mail', 'Description mail');return false;\">zo_mi@ceramictiles.com<\/a> ili nas pozovite na: For exact offer, PLS send us quantity and product you need with delivery address..<\/p>\n<p>Technical description: 15&#215;15 cm; 7,5&#215;15 cm; 10&#215;30 cm<\/p>\n","protected":false},"excerpt":{"rendered":"<p>\u0160irina i du\u017eina plo\u010dice su 7,5&#215;15 cm. Satin 4671Di dolazi iz Italije, koja je poznata po vrlo visokoj kvaliteta keramike u svetu. 8 mm debljine je dovoljno za zahtevnije kupce. Ta kolekcija, model plo\u010dice, se prodaje najvi\u0161e bele boje. Kliknite na ime serije za sve plo\u010dice u toj seriji: Tonalite Satin Da bi naru\u010dili model [&hellip;]<\/p>\n","protected":false},"featured_media":98543,"template":"","meta":[],"product_cat":[200,230,999,9991048,250],"product_tag":[],"_links":{"self":[{"href":"https:\/\/www.keramika.com\/srbija\/wp-json\/wp\/v2\/product\/98542"}],"collection":[{"href":"https:\/\/www.keramika.com\/srbija\/wp-json\/wp\/v2\/product"}],"about":[{"href":"https:\/\/www.keramika.com\/srbija\/wp-json\/wp\/v2\/types\/product"}],"wp:featuredmedia":[{"embeddable":true,"href":"https:\/\/www.keramika.com\/srbija\/wp-json\/wp\/v2\/media\/98543"}],"wp:attachment":[{"href":"https:\/\/www.keramika.com\/srbija\/wp-json\/wp\/v2\/media?parent=98542"}],"wp:term":[{"taxonomy":"product_cat","embeddable":true,"href":"https:\/\/www.keramika.com\/srbija\/wp-json\/wp\/v2\/product_cat?post=98542"},{"taxonomy":"product_tag","embeddable":true,"href":"https:\/\/www.keramika.com\/srbija\/wp-json\/wp\/v2\/product_tag?post=98542"}],"curies":[{"name":"wp","href":"https:\/\/api.w.org\/{rel}","templated":true}]}}