{"id":98528,"date":"2017-07-02T20:00:10","date_gmt":"2017-07-02T20:00:10","guid":{"rendered":"http:\/\/www.ceramictiles.com\/srbija\/product\/satin-3624\/"},"modified":"2017-07-02T20:00:10","modified_gmt":"2017-07-02T20:00:10","slug":"satin-3624","status":"publish","type":"product","link":"https:\/\/www.keramika.com\/srbija\/satin-3624\/","title":{"rendered":"Satin 3624"},"content":{"rendered":"<p>Satin 3624 dolazi iz Italije, koja je poznata po vrlo visokoj kvaliteta keramike u svetu. 8 mm debljina \u0107e zadovoljiti i najzahtevnije kupce. U izboru plo\u010dica sive boje, ne mo\u017eete pogre\u0161iti. Plo\u010dica na sliki je 7,5&#215;15 cm.<\/p>\n<p>Kliknite na ime serije za sve plo\u010dice u toj seriji: <a class=\"pdfcatal\" href=\"\/\/www.ceramictiles.com\/pdf\/tonalite\/satin.pdf\" onclick=\"recordOutboundLink(this, 'E-mail', 'Description PDF');return false;\">Tonalite Satin<\/a><\/p>\n<p>Da bi naru\u010dili model iz PDF kataloga ove serije, molimo vas, da nas kontaktirate na: <a href=\"mailto:zo_mi@ceramictiles.com\" onclick=\"recordOutboundLink(this, 'E-mail', 'Description mail');return false;\">zo_mi@ceramictiles.com<\/a> ili nas pozovite na: For exact offer, PLS send us quantity and product you need with delivery address..<\/p>\n<p>Technical description: 15&#215;15 cm; 7,5&#215;15 cm; 10&#215;30 cm<\/p>\n","protected":false},"excerpt":{"rendered":"<p>Satin 3624 dolazi iz Italije, koja je poznata po vrlo visokoj kvaliteta keramike u svetu. 8 mm debljina \u0107e zadovoljiti i najzahtevnije kupce. U izboru plo\u010dica sive boje, ne mo\u017eete pogre\u0161iti. Plo\u010dica na sliki je 7,5&#215;15 cm. Kliknite na ime serije za sve plo\u010dice u toj seriji: Tonalite Satin Da bi naru\u010dili model iz PDF [&hellip;]<\/p>\n","protected":false},"featured_media":98529,"template":"","meta":[],"product_cat":[200,230,999,9991048,250],"product_tag":[],"_links":{"self":[{"href":"https:\/\/www.keramika.com\/srbija\/wp-json\/wp\/v2\/product\/98528"}],"collection":[{"href":"https:\/\/www.keramika.com\/srbija\/wp-json\/wp\/v2\/product"}],"about":[{"href":"https:\/\/www.keramika.com\/srbija\/wp-json\/wp\/v2\/types\/product"}],"wp:featuredmedia":[{"embeddable":true,"href":"https:\/\/www.keramika.com\/srbija\/wp-json\/wp\/v2\/media\/98529"}],"wp:attachment":[{"href":"https:\/\/www.keramika.com\/srbija\/wp-json\/wp\/v2\/media?parent=98528"}],"wp:term":[{"taxonomy":"product_cat","embeddable":true,"href":"https:\/\/www.keramika.com\/srbija\/wp-json\/wp\/v2\/product_cat?post=98528"},{"taxonomy":"product_tag","embeddable":true,"href":"https:\/\/www.keramika.com\/srbija\/wp-json\/wp\/v2\/product_tag?post=98528"}],"curies":[{"name":"wp","href":"https:\/\/api.w.org\/{rel}","templated":true}]}}