{"id":98522,"date":"2017-07-02T19:59:07","date_gmt":"2017-07-02T19:59:07","guid":{"rendered":"http:\/\/www.ceramictiles.com\/srbija\/product\/satin-1678\/"},"modified":"2017-07-02T19:59:07","modified_gmt":"2017-07-02T19:59:07","slug":"satin-1678","status":"publish","type":"product","link":"https:\/\/www.keramika.com\/srbija\/satin-1678\/","title":{"rendered":"Satin 1678"},"content":{"rendered":"<p>Plo\u010dica 7,5&#215;15 cm je dobra za ve\u0107 razli\u010ditih namena. Plo\u010dice braon boje, su letos izuzetno tre\u017eene. Ova plo\u010dica je debela 8 mm i zato je izuzetno izdr\u017eljiva. Satin 1678 dolazi iz Italije, koja je poznata po vrlo visokoj kvaliteta keramike u svetu.<\/p>\n<p>Kliknite na ime serije za sve plo\u010dice u toj seriji: <a class=\"pdfcatal\" href=\"\/\/www.ceramictiles.com\/pdf\/tonalite\/satin.pdf\" onclick=\"recordOutboundLink(this, 'E-mail', 'Description PDF');return false;\">Tonalite Satin<\/a><\/p>\n<p>Da bi naru\u010dili model iz PDF kataloga ove serije, molimo vas, da nas kontaktirate na: <a href=\"mailto:zo_mi@ceramictiles.com\" onclick=\"recordOutboundLink(this, 'E-mail', 'Description mail');return false;\">zo_mi@ceramictiles.com<\/a> ili nas pozovite na: For exact offer, PLS send us quantity and product you need with delivery address..<\/p>\n<p>Technical description: 15&#215;15 cm; 7,5&#215;15 cm; 10&#215;30 cm<\/p>\n","protected":false},"excerpt":{"rendered":"<p>Plo\u010dica 7,5&#215;15 cm je dobra za ve\u0107 razli\u010ditih namena. Plo\u010dice braon boje, su letos izuzetno tre\u017eene. Ova plo\u010dica je debela 8 mm i zato je izuzetno izdr\u017eljiva. Satin 1678 dolazi iz Italije, koja je poznata po vrlo visokoj kvaliteta keramike u svetu. Kliknite na ime serije za sve plo\u010dice u toj seriji: Tonalite Satin Da [&hellip;]<\/p>\n","protected":false},"featured_media":98523,"template":"","meta":[],"product_cat":[200,230,999,9991048,250],"product_tag":[],"_links":{"self":[{"href":"https:\/\/www.keramika.com\/srbija\/wp-json\/wp\/v2\/product\/98522"}],"collection":[{"href":"https:\/\/www.keramika.com\/srbija\/wp-json\/wp\/v2\/product"}],"about":[{"href":"https:\/\/www.keramika.com\/srbija\/wp-json\/wp\/v2\/types\/product"}],"wp:featuredmedia":[{"embeddable":true,"href":"https:\/\/www.keramika.com\/srbija\/wp-json\/wp\/v2\/media\/98523"}],"wp:attachment":[{"href":"https:\/\/www.keramika.com\/srbija\/wp-json\/wp\/v2\/media?parent=98522"}],"wp:term":[{"taxonomy":"product_cat","embeddable":true,"href":"https:\/\/www.keramika.com\/srbija\/wp-json\/wp\/v2\/product_cat?post=98522"},{"taxonomy":"product_tag","embeddable":true,"href":"https:\/\/www.keramika.com\/srbija\/wp-json\/wp\/v2\/product_tag?post=98522"}],"curies":[{"name":"wp","href":"https:\/\/api.w.org\/{rel}","templated":true}]}}