{"id":98512,"date":"2017-07-02T19:57:23","date_gmt":"2017-07-02T19:57:23","guid":{"rendered":"http:\/\/www.ceramictiles.com\/srbija\/product\/satin-1673\/"},"modified":"2017-07-02T19:57:23","modified_gmt":"2017-07-02T19:57:23","slug":"satin-1673","status":"publish","type":"product","link":"https:\/\/www.keramika.com\/srbija\/satin-1673\/","title":{"rendered":"Satin 1673"},"content":{"rendered":"<p>Plo\u010dica je debela 8 mm, \u0161to je ubraja u tvrde plo\u010dice. Plo\u010dice sive boje osvje\u017eit \u0107e svaki prostor. Ove plo\u010dice dolaze od proizvo\u0111a\u010da Tonalite, iz Italije. Plo\u010dica 7,5&#215;15 cm je dobra za ve\u0107 razli\u010ditih namena.<\/p>\n<p>Kliknite na ime serije za sve plo\u010dice u toj seriji: <a class=\"pdfcatal\" href=\"\/\/www.ceramictiles.com\/pdf\/tonalite\/satin.pdf\" onclick=\"recordOutboundLink(this, 'E-mail', 'Description PDF');return false;\">Tonalite Satin<\/a><\/p>\n<p>Da bi naru\u010dili model iz PDF kataloga ove serije, molimo vas, da nas kontaktirate na: <a href=\"mailto:zo_mi@ceramictiles.com\" onclick=\"recordOutboundLink(this, 'E-mail', 'Description mail');return false;\">zo_mi@ceramictiles.com<\/a> ili nas pozovite na: For exact offer, PLS send us quantity and product you need with delivery address..<\/p>\n<p>Technical description: 15&#215;15 cm; 7,5&#215;15 cm; 10&#215;30 cm<\/p>\n","protected":false},"excerpt":{"rendered":"<p>Plo\u010dica je debela 8 mm, \u0161to je ubraja u tvrde plo\u010dice. Plo\u010dice sive boje osvje\u017eit \u0107e svaki prostor. Ove plo\u010dice dolaze od proizvo\u0111a\u010da Tonalite, iz Italije. Plo\u010dica 7,5&#215;15 cm je dobra za ve\u0107 razli\u010ditih namena. Kliknite na ime serije za sve plo\u010dice u toj seriji: Tonalite Satin Da bi naru\u010dili model iz PDF kataloga ove [&hellip;]<\/p>\n","protected":false},"featured_media":98513,"template":"","meta":[],"product_cat":[200,230,999,9991048,250],"product_tag":[],"_links":{"self":[{"href":"https:\/\/www.keramika.com\/srbija\/wp-json\/wp\/v2\/product\/98512"}],"collection":[{"href":"https:\/\/www.keramika.com\/srbija\/wp-json\/wp\/v2\/product"}],"about":[{"href":"https:\/\/www.keramika.com\/srbija\/wp-json\/wp\/v2\/types\/product"}],"wp:featuredmedia":[{"embeddable":true,"href":"https:\/\/www.keramika.com\/srbija\/wp-json\/wp\/v2\/media\/98513"}],"wp:attachment":[{"href":"https:\/\/www.keramika.com\/srbija\/wp-json\/wp\/v2\/media?parent=98512"}],"wp:term":[{"taxonomy":"product_cat","embeddable":true,"href":"https:\/\/www.keramika.com\/srbija\/wp-json\/wp\/v2\/product_cat?post=98512"},{"taxonomy":"product_tag","embeddable":true,"href":"https:\/\/www.keramika.com\/srbija\/wp-json\/wp\/v2\/product_tag?post=98512"}],"curies":[{"name":"wp","href":"https:\/\/api.w.org\/{rel}","templated":true}]}}