{"id":98504,"date":"2017-07-02T19:55:56","date_gmt":"2017-07-02T19:55:56","guid":{"rendered":"http:\/\/www.ceramictiles.com\/srbija\/product\/provenzale-mos-1535\/"},"modified":"2017-07-02T19:55:56","modified_gmt":"2017-07-02T19:55:56","slug":"provenzale-mos-1535","status":"publish","type":"product","link":"https:\/\/www.keramika.com\/srbija\/provenzale-mos-1535\/","title":{"rendered":"Provenzale Mos 1535"},"content":{"rendered":"<p>Ova plo\u010dica je debela 8 mm i zato je izuzetno izdr\u017eljiva. Ta kolekcija, model plo\u010dice, se prodaje najvi\u0161e be\u017e boje. Provenzale Mos 1535 dolazi iz Italije, koja je poznata po vrlo visokoj kvaliteta keramike u svetu. Veli\u010dina ove plo\u010dice je 15&#215;15 cm.<\/p>\n<p>Kliknite na ime serije za sve plo\u010dice u toj seriji: <a class=\"pdfcatal\" href=\"\/\/www.ceramictiles.com\/pdf\/tonalite\/provenzale.pdf\" onclick=\"recordOutboundLink(this, 'E-mail', 'Description PDF');return false;\">Tonalite Provenzale<\/a><\/p>\n<p>Da bi naru\u010dili model iz PDF kataloga ove serije, molimo vas, da nas kontaktirate na: <a href=\"mailto:zo_mi@ceramictiles.com\" onclick=\"recordOutboundLink(this, 'E-mail', 'Description mail');return false;\">zo_mi@ceramictiles.com<\/a> ili nas pozovite na: For exact offer, PLS send us quantity and product you need with delivery address..<\/p>\n<p>Technical description: 15&#215;15 cm; 30&#215;30 cm<\/p>\n","protected":false},"excerpt":{"rendered":"<p>Ova plo\u010dica je debela 8 mm i zato je izuzetno izdr\u017eljiva. Ta kolekcija, model plo\u010dice, se prodaje najvi\u0161e be\u017e boje. Provenzale Mos 1535 dolazi iz Italije, koja je poznata po vrlo visokoj kvaliteta keramike u svetu. Veli\u010dina ove plo\u010dice je 15&#215;15 cm. Kliknite na ime serije za sve plo\u010dice u toj seriji: Tonalite Provenzale Da [&hellip;]<\/p>\n","protected":false},"featured_media":98505,"template":"","meta":[],"product_cat":[200,230,999,9991048,250],"product_tag":[],"_links":{"self":[{"href":"https:\/\/www.keramika.com\/srbija\/wp-json\/wp\/v2\/product\/98504"}],"collection":[{"href":"https:\/\/www.keramika.com\/srbija\/wp-json\/wp\/v2\/product"}],"about":[{"href":"https:\/\/www.keramika.com\/srbija\/wp-json\/wp\/v2\/types\/product"}],"wp:featuredmedia":[{"embeddable":true,"href":"https:\/\/www.keramika.com\/srbija\/wp-json\/wp\/v2\/media\/98505"}],"wp:attachment":[{"href":"https:\/\/www.keramika.com\/srbija\/wp-json\/wp\/v2\/media?parent=98504"}],"wp:term":[{"taxonomy":"product_cat","embeddable":true,"href":"https:\/\/www.keramika.com\/srbija\/wp-json\/wp\/v2\/product_cat?post=98504"},{"taxonomy":"product_tag","embeddable":true,"href":"https:\/\/www.keramika.com\/srbija\/wp-json\/wp\/v2\/product_tag?post=98504"}],"curies":[{"name":"wp","href":"https:\/\/api.w.org\/{rel}","templated":true}]}}