{"id":98496,"date":"2017-07-02T19:54:21","date_gmt":"2017-07-02T19:54:21","guid":{"rendered":"http:\/\/www.ceramictiles.com\/srbija\/product\/provenzale-mos-1521\/"},"modified":"2017-07-02T19:54:21","modified_gmt":"2017-07-02T19:54:21","slug":"provenzale-mos-1521","status":"publish","type":"product","link":"https:\/\/www.keramika.com\/srbija\/provenzale-mos-1521\/","title":{"rendered":"Provenzale Mos 1521"},"content":{"rendered":"<p>Ove plo\u010dice dolaze od proizvo\u0111a\u010da Tonalite, iz Italije. U izboru plo\u010dica bele boje, ne mo\u017eete pogre\u0161iti. 8 mm debljina \u0107e zadovoljiti i najzahtevnije kupce. Dimenzije ovih plo\u010dica su 15&#215;15 cm.<\/p>\n<p>Kliknite na ime serije za sve plo\u010dice u toj seriji: <a class=\"pdfcatal\" href=\"\/\/www.ceramictiles.com\/pdf\/tonalite\/provenzale.pdf\" onclick=\"recordOutboundLink(this, 'E-mail', 'Description PDF');return false;\">Tonalite Provenzale<\/a><\/p>\n<p>Da bi naru\u010dili model iz PDF kataloga ove serije, molimo vas, da nas kontaktirate na: <a href=\"mailto:zo_mi@ceramictiles.com\" onclick=\"recordOutboundLink(this, 'E-mail', 'Description mail');return false;\">zo_mi@ceramictiles.com<\/a> ili nas pozovite na: For exact offer, PLS send us quantity and product you need with delivery address..<\/p>\n<p>Technical description: 15&#215;15 cm; 30&#215;30 cm<\/p>\n","protected":false},"excerpt":{"rendered":"<p>Ove plo\u010dice dolaze od proizvo\u0111a\u010da Tonalite, iz Italije. U izboru plo\u010dica bele boje, ne mo\u017eete pogre\u0161iti. 8 mm debljina \u0107e zadovoljiti i najzahtevnije kupce. Dimenzije ovih plo\u010dica su 15&#215;15 cm. Kliknite na ime serije za sve plo\u010dice u toj seriji: Tonalite Provenzale Da bi naru\u010dili model iz PDF kataloga ove serije, molimo vas, da nas [&hellip;]<\/p>\n","protected":false},"featured_media":98497,"template":"","meta":[],"product_cat":[200,230,999,9991048,250],"product_tag":[],"_links":{"self":[{"href":"https:\/\/www.keramika.com\/srbija\/wp-json\/wp\/v2\/product\/98496"}],"collection":[{"href":"https:\/\/www.keramika.com\/srbija\/wp-json\/wp\/v2\/product"}],"about":[{"href":"https:\/\/www.keramika.com\/srbija\/wp-json\/wp\/v2\/types\/product"}],"wp:featuredmedia":[{"embeddable":true,"href":"https:\/\/www.keramika.com\/srbija\/wp-json\/wp\/v2\/media\/98497"}],"wp:attachment":[{"href":"https:\/\/www.keramika.com\/srbija\/wp-json\/wp\/v2\/media?parent=98496"}],"wp:term":[{"taxonomy":"product_cat","embeddable":true,"href":"https:\/\/www.keramika.com\/srbija\/wp-json\/wp\/v2\/product_cat?post=98496"},{"taxonomy":"product_tag","embeddable":true,"href":"https:\/\/www.keramika.com\/srbija\/wp-json\/wp\/v2\/product_tag?post=98496"}],"curies":[{"name":"wp","href":"https:\/\/api.w.org\/{rel}","templated":true}]}}