{"id":98456,"date":"2017-07-02T19:46:20","date_gmt":"2017-07-02T19:46:20","guid":{"rendered":"http:\/\/www.ceramictiles.com\/srbija\/product\/provenzale-d1521co\/"},"modified":"2017-07-02T19:46:20","modified_gmt":"2017-07-02T19:46:20","slug":"provenzale-d1521co","status":"publish","type":"product","link":"https:\/\/www.keramika.com\/srbija\/provenzale-d1521co\/","title":{"rendered":"Provenzale D1521Co"},"content":{"rendered":"<p>Provenzale D1521Co dolazi iz Italije, koja je poznata po vrlo visokoj kvaliteta keramike u svetu. Debljina plo\u010dice, je vrlo va\u017ena 8 mm i ubraja tu plo\u010dicu me\u0111u najkvalitetnije. Keramika je prekrasne bele boje. U koliko \u017eelite neku drugu boju, pozovite nas i mi \u0107emo proveriti kod proizvo\u0111a\u010da. Plo\u010dica na sliki je 15&#215;15 cm.<\/p>\n<p>Kliknite na ime serije za sve plo\u010dice u toj seriji: <a class=\"pdfcatal\" href=\"\/\/www.ceramictiles.com\/pdf\/tonalite\/provenzale.pdf\" onclick=\"recordOutboundLink(this, 'E-mail', 'Description PDF');return false;\">Tonalite Provenzale<\/a><\/p>\n<p>Da bi naru\u010dili model iz PDF kataloga ove serije, molimo vas, da nas kontaktirate na: <a href=\"mailto:zo_mi@ceramictiles.com\" onclick=\"recordOutboundLink(this, 'E-mail', 'Description mail');return false;\">zo_mi@ceramictiles.com<\/a> ili nas pozovite na: For exact offer, PLS send us quantity and product you need with delivery address..<\/p>\n<p>Technical description: 15&#215;15 cm; 30&#215;30 cm<\/p>\n","protected":false},"excerpt":{"rendered":"<p>Provenzale D1521Co dolazi iz Italije, koja je poznata po vrlo visokoj kvaliteta keramike u svetu. Debljina plo\u010dice, je vrlo va\u017ena 8 mm i ubraja tu plo\u010dicu me\u0111u najkvalitetnije. Keramika je prekrasne bele boje. U koliko \u017eelite neku drugu boju, pozovite nas i mi \u0107emo proveriti kod proizvo\u0111a\u010da. Plo\u010dica na sliki je 15&#215;15 cm. Kliknite na [&hellip;]<\/p>\n","protected":false},"featured_media":98457,"template":"","meta":[],"product_cat":[200,230,999,9991048,250],"product_tag":[],"_links":{"self":[{"href":"https:\/\/www.keramika.com\/srbija\/wp-json\/wp\/v2\/product\/98456"}],"collection":[{"href":"https:\/\/www.keramika.com\/srbija\/wp-json\/wp\/v2\/product"}],"about":[{"href":"https:\/\/www.keramika.com\/srbija\/wp-json\/wp\/v2\/types\/product"}],"wp:featuredmedia":[{"embeddable":true,"href":"https:\/\/www.keramika.com\/srbija\/wp-json\/wp\/v2\/media\/98457"}],"wp:attachment":[{"href":"https:\/\/www.keramika.com\/srbija\/wp-json\/wp\/v2\/media?parent=98456"}],"wp:term":[{"taxonomy":"product_cat","embeddable":true,"href":"https:\/\/www.keramika.com\/srbija\/wp-json\/wp\/v2\/product_cat?post=98456"},{"taxonomy":"product_tag","embeddable":true,"href":"https:\/\/www.keramika.com\/srbija\/wp-json\/wp\/v2\/product_tag?post=98456"}],"curies":[{"name":"wp","href":"https:\/\/api.w.org\/{rel}","templated":true}]}}