{"id":98448,"date":"2017-07-02T19:44:25","date_gmt":"2017-07-02T19:44:25","guid":{"rendered":"http:\/\/www.ceramictiles.com\/srbija\/product\/provenzale-can-vl\/"},"modified":"2017-07-02T19:44:25","modified_gmt":"2017-07-02T19:44:25","slug":"provenzale-can-vl","status":"publish","type":"product","link":"https:\/\/www.keramika.com\/srbija\/provenzale-can-vl\/","title":{"rendered":"Provenzale Can Vl"},"content":{"rendered":"<p>Keramika je prekrasne bele boje. U koliko \u017eelite neku drugu boju, pozovite nas i mi \u0107emo proveriti kod proizvo\u0111a\u010da. 8 mm debljine je dovoljno za zahtevnije kupce. Provenzale Can Vl je proizvod iz Italije te je izuzetno kvalitetna. Veli\u010dina ove plo\u010dice je 15&#215;15 cm.<\/p>\n<p>Kliknite na ime serije za sve plo\u010dice u toj seriji: <a class=\"pdfcatal\" href=\"\/\/www.ceramictiles.com\/pdf\/tonalite\/provenzale.pdf\" onclick=\"recordOutboundLink(this, 'E-mail', 'Description PDF');return false;\">Tonalite Provenzale<\/a><\/p>\n<p>Da bi naru\u010dili model iz PDF kataloga ove serije, molimo vas, da nas kontaktirate na: <a href=\"mailto:zo_mi@ceramictiles.com\" onclick=\"recordOutboundLink(this, 'E-mail', 'Description mail');return false;\">zo_mi@ceramictiles.com<\/a> ili nas pozovite na: For exact offer, PLS send us quantity and product you need with delivery address..<\/p>\n<p>Technical description: 15&#215;15 cm; 30&#215;30 cm<\/p>\n","protected":false},"excerpt":{"rendered":"<p>Keramika je prekrasne bele boje. U koliko \u017eelite neku drugu boju, pozovite nas i mi \u0107emo proveriti kod proizvo\u0111a\u010da. 8 mm debljine je dovoljno za zahtevnije kupce. Provenzale Can Vl je proizvod iz Italije te je izuzetno kvalitetna. Veli\u010dina ove plo\u010dice je 15&#215;15 cm. Kliknite na ime serije za sve plo\u010dice u toj seriji: Tonalite [&hellip;]<\/p>\n","protected":false},"featured_media":98449,"template":"","meta":[],"product_cat":[200,230,999,9991048,250],"product_tag":[],"_links":{"self":[{"href":"https:\/\/www.keramika.com\/srbija\/wp-json\/wp\/v2\/product\/98448"}],"collection":[{"href":"https:\/\/www.keramika.com\/srbija\/wp-json\/wp\/v2\/product"}],"about":[{"href":"https:\/\/www.keramika.com\/srbija\/wp-json\/wp\/v2\/types\/product"}],"wp:featuredmedia":[{"embeddable":true,"href":"https:\/\/www.keramika.com\/srbija\/wp-json\/wp\/v2\/media\/98449"}],"wp:attachment":[{"href":"https:\/\/www.keramika.com\/srbija\/wp-json\/wp\/v2\/media?parent=98448"}],"wp:term":[{"taxonomy":"product_cat","embeddable":true,"href":"https:\/\/www.keramika.com\/srbija\/wp-json\/wp\/v2\/product_cat?post=98448"},{"taxonomy":"product_tag","embeddable":true,"href":"https:\/\/www.keramika.com\/srbija\/wp-json\/wp\/v2\/product_tag?post=98448"}],"curies":[{"name":"wp","href":"https:\/\/api.w.org\/{rel}","templated":true}]}}