{"id":98398,"date":"2017-07-02T19:34:17","date_gmt":"2017-07-02T19:34:17","guid":{"rendered":"http:\/\/www.ceramictiles.com\/srbija\/product\/provenzale-1535\/"},"modified":"2017-07-02T19:34:17","modified_gmt":"2017-07-02T19:34:17","slug":"provenzale-1535","status":"publish","type":"product","link":"https:\/\/www.keramika.com\/srbija\/provenzale-1535\/","title":{"rendered":"Provenzale 1535"},"content":{"rendered":"<p>Ove be\u017e kerami\u010dke plo\u010dice, obogatit \u0107e svaki prostor. Veli\u010dina 15&#215;15 cm je odli\u010dna za sve podloge. Plo\u010dice dolaze iz Italije, koja je poznata po kvalitetnoj keramiki. Debljina 8 mm \u010dini plo\u010dicu vrlo izdr\u017eljivom i prijatnom na dodir.<\/p>\n<p>Kliknite na ime serije za sve plo\u010dice u toj seriji: <a class=\"pdfcatal\" href=\"\/\/www.ceramictiles.com\/pdf\/tonalite\/provenzale.pdf\" onclick=\"recordOutboundLink(this, 'E-mail', 'Description PDF');return false;\">Tonalite Provenzale<\/a><\/p>\n<p>Da bi naru\u010dili model iz PDF kataloga ove serije, molimo vas, da nas kontaktirate na: <a href=\"mailto:zo_mi@ceramictiles.com\" onclick=\"recordOutboundLink(this, 'E-mail', 'Description mail');return false;\">zo_mi@ceramictiles.com<\/a> ili nas pozovite na: For exact offer, PLS send us quantity and product you need with delivery address..<\/p>\n<p>Technical description: 15&#215;15 cm; 30&#215;30 cm<\/p>\n","protected":false},"excerpt":{"rendered":"<p>Ove be\u017e kerami\u010dke plo\u010dice, obogatit \u0107e svaki prostor. Veli\u010dina 15&#215;15 cm je odli\u010dna za sve podloge. Plo\u010dice dolaze iz Italije, koja je poznata po kvalitetnoj keramiki. Debljina 8 mm \u010dini plo\u010dicu vrlo izdr\u017eljivom i prijatnom na dodir. Kliknite na ime serije za sve plo\u010dice u toj seriji: Tonalite Provenzale Da bi naru\u010dili model iz PDF [&hellip;]<\/p>\n","protected":false},"featured_media":98399,"template":"","meta":[],"product_cat":[200,230,999,9991048,250],"product_tag":[],"_links":{"self":[{"href":"https:\/\/www.keramika.com\/srbija\/wp-json\/wp\/v2\/product\/98398"}],"collection":[{"href":"https:\/\/www.keramika.com\/srbija\/wp-json\/wp\/v2\/product"}],"about":[{"href":"https:\/\/www.keramika.com\/srbija\/wp-json\/wp\/v2\/types\/product"}],"wp:featuredmedia":[{"embeddable":true,"href":"https:\/\/www.keramika.com\/srbija\/wp-json\/wp\/v2\/media\/98399"}],"wp:attachment":[{"href":"https:\/\/www.keramika.com\/srbija\/wp-json\/wp\/v2\/media?parent=98398"}],"wp:term":[{"taxonomy":"product_cat","embeddable":true,"href":"https:\/\/www.keramika.com\/srbija\/wp-json\/wp\/v2\/product_cat?post=98398"},{"taxonomy":"product_tag","embeddable":true,"href":"https:\/\/www.keramika.com\/srbija\/wp-json\/wp\/v2\/product_tag?post=98398"}],"curies":[{"name":"wp","href":"https:\/\/api.w.org\/{rel}","templated":true}]}}