{"id":98386,"date":"2017-07-02T19:31:42","date_gmt":"2017-07-02T19:31:42","guid":{"rendered":"http:\/\/www.ceramictiles.com\/srbija\/product\/provenzale-1528\/"},"modified":"2017-07-02T19:31:42","modified_gmt":"2017-07-02T19:31:42","slug":"provenzale-1528","status":"publish","type":"product","link":"https:\/\/www.keramika.com\/srbija\/provenzale-1528\/","title":{"rendered":"Provenzale 1528"},"content":{"rendered":"<p>Proizvodnja Italije ,koja je poznata u svetu, kao jedana od najboljih proizvo\u0111a\u010da kerami\u010dkih plo\u010dica. Ta kolekcija, model plo\u010dice, se prodaje najvi\u0161e roze boje. 8 mm debljine je dovoljno za zahtevnije kupce. Plo\u010dica 15&#215;15 cm je dobra za ve\u0107 razli\u010ditih namena.<\/p>\n<p>Kliknite na ime serije za sve plo\u010dice u toj seriji: <a class=\"pdfcatal\" href=\"\/\/www.ceramictiles.com\/pdf\/tonalite\/provenzale.pdf\" onclick=\"recordOutboundLink(this, 'E-mail', 'Description PDF');return false;\">Tonalite Provenzale<\/a><\/p>\n<p>Da bi naru\u010dili model iz PDF kataloga ove serije, molimo vas, da nas kontaktirate na: <a href=\"mailto:zo_mi@ceramictiles.com\" onclick=\"recordOutboundLink(this, 'E-mail', 'Description mail');return false;\">zo_mi@ceramictiles.com<\/a> ili nas pozovite na: For exact offer, PLS send us quantity and product you need with delivery address..<\/p>\n<p>Technical description: 15&#215;15 cm; 30&#215;30 cm<\/p>\n","protected":false},"excerpt":{"rendered":"<p>Proizvodnja Italije ,koja je poznata u svetu, kao jedana od najboljih proizvo\u0111a\u010da kerami\u010dkih plo\u010dica. Ta kolekcija, model plo\u010dice, se prodaje najvi\u0161e roze boje. 8 mm debljine je dovoljno za zahtevnije kupce. Plo\u010dica 15&#215;15 cm je dobra za ve\u0107 razli\u010ditih namena. Kliknite na ime serije za sve plo\u010dice u toj seriji: Tonalite Provenzale Da bi naru\u010dili [&hellip;]<\/p>\n","protected":false},"featured_media":98387,"template":"","meta":[],"product_cat":[200,230,999,9991048,250],"product_tag":[],"_links":{"self":[{"href":"https:\/\/www.keramika.com\/srbija\/wp-json\/wp\/v2\/product\/98386"}],"collection":[{"href":"https:\/\/www.keramika.com\/srbija\/wp-json\/wp\/v2\/product"}],"about":[{"href":"https:\/\/www.keramika.com\/srbija\/wp-json\/wp\/v2\/types\/product"}],"wp:featuredmedia":[{"embeddable":true,"href":"https:\/\/www.keramika.com\/srbija\/wp-json\/wp\/v2\/media\/98387"}],"wp:attachment":[{"href":"https:\/\/www.keramika.com\/srbija\/wp-json\/wp\/v2\/media?parent=98386"}],"wp:term":[{"taxonomy":"product_cat","embeddable":true,"href":"https:\/\/www.keramika.com\/srbija\/wp-json\/wp\/v2\/product_cat?post=98386"},{"taxonomy":"product_tag","embeddable":true,"href":"https:\/\/www.keramika.com\/srbija\/wp-json\/wp\/v2\/product_tag?post=98386"}],"curies":[{"name":"wp","href":"https:\/\/api.w.org\/{rel}","templated":true}]}}