{"id":98372,"date":"2017-07-02T19:29:04","date_gmt":"2017-07-02T19:29:04","guid":{"rendered":"http:\/\/www.ceramictiles.com\/srbija\/product\/krakle-77614\/"},"modified":"2017-07-02T19:29:04","modified_gmt":"2017-07-02T19:29:04","slug":"krakle-77614","status":"publish","type":"product","link":"https:\/\/www.keramika.com\/srbija\/krakle-77614\/","title":{"rendered":"Krakle 77614"},"content":{"rendered":"<p>Ove sive kerami\u010dke plo\u010dice, obogatit \u0107e svaki prostor. Debljina 9 mm \u010dini plo\u010dicu vrlo izdr\u017eljivom i prijatnom na dodir. Krakle 77614 dolazi iz Italije, koja je poznata po vrlo visokoj kvaliteta keramike u svetu. Veli\u010dina ove plo\u010dice je 10&#215;30 cm.<\/p>\n<p>Kliknite na ime serije za sve plo\u010dice u toj seriji: <a class=\"pdfcatal\" href=\"\/\/www.ceramictiles.com\/pdf\/tonalite\/krakle.pdf\" onclick=\"recordOutboundLink(this, 'E-mail', 'Description PDF');return false;\">Tonalite Krakle<\/a><\/p>\n<p>Da bi naru\u010dili model iz PDF kataloga ove serije, molimo vas, da nas kontaktirate na: <a href=\"mailto:zo_mi@ceramictiles.com\" onclick=\"recordOutboundLink(this, 'E-mail', 'Description mail');return false;\">zo_mi@ceramictiles.com<\/a> ili nas pozovite na: For exact offer, PLS send us quantity and product you need with delivery address..<\/p>\n<p>Technical description: 10&#215;30 cm; 15&#215;15 cm; 7,5&#215;15 cm;<\/p>\n","protected":false},"excerpt":{"rendered":"<p>Ove sive kerami\u010dke plo\u010dice, obogatit \u0107e svaki prostor. Debljina 9 mm \u010dini plo\u010dicu vrlo izdr\u017eljivom i prijatnom na dodir. Krakle 77614 dolazi iz Italije, koja je poznata po vrlo visokoj kvaliteta keramike u svetu. Veli\u010dina ove plo\u010dice je 10&#215;30 cm. Kliknite na ime serije za sve plo\u010dice u toj seriji: Tonalite Krakle Da bi naru\u010dili [&hellip;]<\/p>\n","protected":false},"featured_media":98373,"template":"","meta":[],"product_cat":[200,230,999,9991048,250],"product_tag":[],"_links":{"self":[{"href":"https:\/\/www.keramika.com\/srbija\/wp-json\/wp\/v2\/product\/98372"}],"collection":[{"href":"https:\/\/www.keramika.com\/srbija\/wp-json\/wp\/v2\/product"}],"about":[{"href":"https:\/\/www.keramika.com\/srbija\/wp-json\/wp\/v2\/types\/product"}],"wp:featuredmedia":[{"embeddable":true,"href":"https:\/\/www.keramika.com\/srbija\/wp-json\/wp\/v2\/media\/98373"}],"wp:attachment":[{"href":"https:\/\/www.keramika.com\/srbija\/wp-json\/wp\/v2\/media?parent=98372"}],"wp:term":[{"taxonomy":"product_cat","embeddable":true,"href":"https:\/\/www.keramika.com\/srbija\/wp-json\/wp\/v2\/product_cat?post=98372"},{"taxonomy":"product_tag","embeddable":true,"href":"https:\/\/www.keramika.com\/srbija\/wp-json\/wp\/v2\/product_tag?post=98372"}],"curies":[{"name":"wp","href":"https:\/\/api.w.org\/{rel}","templated":true}]}}