{"id":98300,"date":"2017-07-02T19:18:47","date_gmt":"2017-07-02T19:18:47","guid":{"rendered":"http:\/\/www.ceramictiles.com\/srbija\/product\/krakle-4605\/"},"modified":"2017-07-02T19:18:47","modified_gmt":"2017-07-02T19:18:47","slug":"krakle-4605","status":"publish","type":"product","link":"https:\/\/www.keramika.com\/srbija\/krakle-4605\/","title":{"rendered":"Krakle 4605"},"content":{"rendered":"<p>9 mm debljina \u0107e zadovoljiti i najzahtevnije kupce. U izboru plo\u010dica plave boje, ne mo\u017eete pogre\u0161iti. Veli\u010dina 10&#215;30 cm je odli\u010dna za sve podloge. Krakle 4605 je proizvod iz Italije te je izuzetno kvalitetna.<\/p>\n<p>Kliknite na ime serije za sve plo\u010dice u toj seriji: <a class=\"pdfcatal\" href=\"\/\/www.ceramictiles.com\/pdf\/tonalite\/krakle.pdf\" onclick=\"recordOutboundLink(this, 'E-mail', 'Description PDF');return false;\">Tonalite Krakle<\/a><\/p>\n<p>Da bi naru\u010dili model iz PDF kataloga ove serije, molimo vas, da nas kontaktirate na: <a href=\"mailto:zo_mi@ceramictiles.com\" onclick=\"recordOutboundLink(this, 'E-mail', 'Description mail');return false;\">zo_mi@ceramictiles.com<\/a> ili nas pozovite na: For exact offer, PLS send us quantity and product you need with delivery address..<\/p>\n<p>Technical description: 10&#215;30 cm; 15&#215;15 cm; 7,5&#215;15 cm;<\/p>\n","protected":false},"excerpt":{"rendered":"<p>9 mm debljina \u0107e zadovoljiti i najzahtevnije kupce. U izboru plo\u010dica plave boje, ne mo\u017eete pogre\u0161iti. Veli\u010dina 10&#215;30 cm je odli\u010dna za sve podloge. Krakle 4605 je proizvod iz Italije te je izuzetno kvalitetna. Kliknite na ime serije za sve plo\u010dice u toj seriji: Tonalite Krakle Da bi naru\u010dili model iz PDF kataloga ove serije, [&hellip;]<\/p>\n","protected":false},"featured_media":98301,"template":"","meta":[],"product_cat":[200,230,999,9991048,250],"product_tag":[],"_links":{"self":[{"href":"https:\/\/www.keramika.com\/srbija\/wp-json\/wp\/v2\/product\/98300"}],"collection":[{"href":"https:\/\/www.keramika.com\/srbija\/wp-json\/wp\/v2\/product"}],"about":[{"href":"https:\/\/www.keramika.com\/srbija\/wp-json\/wp\/v2\/types\/product"}],"wp:featuredmedia":[{"embeddable":true,"href":"https:\/\/www.keramika.com\/srbija\/wp-json\/wp\/v2\/media\/98301"}],"wp:attachment":[{"href":"https:\/\/www.keramika.com\/srbija\/wp-json\/wp\/v2\/media?parent=98300"}],"wp:term":[{"taxonomy":"product_cat","embeddable":true,"href":"https:\/\/www.keramika.com\/srbija\/wp-json\/wp\/v2\/product_cat?post=98300"},{"taxonomy":"product_tag","embeddable":true,"href":"https:\/\/www.keramika.com\/srbija\/wp-json\/wp\/v2\/product_tag?post=98300"}],"curies":[{"name":"wp","href":"https:\/\/api.w.org\/{rel}","templated":true}]}}