{"id":98284,"date":"2017-07-02T19:16:39","date_gmt":"2017-07-02T19:16:39","guid":{"rendered":"http:\/\/www.ceramictiles.com\/srbija\/product\/krakle-4601\/"},"modified":"2017-07-02T19:16:39","modified_gmt":"2017-07-02T19:16:39","slug":"krakle-4601","status":"publish","type":"product","link":"https:\/\/www.keramika.com\/srbija\/krakle-4601\/","title":{"rendered":"Krakle 4601"},"content":{"rendered":"<p>Plo\u010dice be\u017e boje, su letos izuzetno tre\u017eene. Plo\u010dica je debela 9 mm, \u0161to je ubraja u tvrde plo\u010dice. \u0160irina i du\u017eina plo\u010dice su 10&#215;30 cm. Krakle 4601 je proizvod iz Italije te je izuzetno kvalitetna.<\/p>\n<p>Kliknite na ime serije za sve plo\u010dice u toj seriji: <a class=\"pdfcatal\" href=\"\/\/www.ceramictiles.com\/pdf\/tonalite\/krakle.pdf\" onclick=\"recordOutboundLink(this, 'E-mail', 'Description PDF');return false;\">Tonalite Krakle<\/a><\/p>\n<p>Da bi naru\u010dili model iz PDF kataloga ove serije, molimo vas, da nas kontaktirate na: <a href=\"mailto:zo_mi@ceramictiles.com\" onclick=\"recordOutboundLink(this, 'E-mail', 'Description mail');return false;\">zo_mi@ceramictiles.com<\/a> ili nas pozovite na: For exact offer, PLS send us quantity and product you need with delivery address..<\/p>\n<p>Technical description: 10&#215;30 cm; 15&#215;15 cm; 7,5&#215;15 cm;<\/p>\n","protected":false},"excerpt":{"rendered":"<p>Plo\u010dice be\u017e boje, su letos izuzetno tre\u017eene. Plo\u010dica je debela 9 mm, \u0161to je ubraja u tvrde plo\u010dice. \u0160irina i du\u017eina plo\u010dice su 10&#215;30 cm. Krakle 4601 je proizvod iz Italije te je izuzetno kvalitetna. Kliknite na ime serije za sve plo\u010dice u toj seriji: Tonalite Krakle Da bi naru\u010dili model iz PDF kataloga ove [&hellip;]<\/p>\n","protected":false},"featured_media":98285,"template":"","meta":[],"product_cat":[200,230,999,9991048,250],"product_tag":[],"_links":{"self":[{"href":"https:\/\/www.keramika.com\/srbija\/wp-json\/wp\/v2\/product\/98284"}],"collection":[{"href":"https:\/\/www.keramika.com\/srbija\/wp-json\/wp\/v2\/product"}],"about":[{"href":"https:\/\/www.keramika.com\/srbija\/wp-json\/wp\/v2\/types\/product"}],"wp:featuredmedia":[{"embeddable":true,"href":"https:\/\/www.keramika.com\/srbija\/wp-json\/wp\/v2\/media\/98285"}],"wp:attachment":[{"href":"https:\/\/www.keramika.com\/srbija\/wp-json\/wp\/v2\/media?parent=98284"}],"wp:term":[{"taxonomy":"product_cat","embeddable":true,"href":"https:\/\/www.keramika.com\/srbija\/wp-json\/wp\/v2\/product_cat?post=98284"},{"taxonomy":"product_tag","embeddable":true,"href":"https:\/\/www.keramika.com\/srbija\/wp-json\/wp\/v2\/product_tag?post=98284"}],"curies":[{"name":"wp","href":"https:\/\/api.w.org\/{rel}","templated":true}]}}