{"id":98266,"date":"2017-07-02T19:13:31","date_gmt":"2017-07-02T19:13:31","guid":{"rendered":"http:\/\/www.ceramictiles.com\/srbija\/product\/krakle-34605\/"},"modified":"2017-07-02T19:13:31","modified_gmt":"2017-07-02T19:13:31","slug":"krakle-34605","status":"publish","type":"product","link":"https:\/\/www.keramika.com\/srbija\/krakle-34605\/","title":{"rendered":"Krakle 34605"},"content":{"rendered":"<p>Debljina 9 mm \u010dini plo\u010dicu vrlo izdr\u017eljivom i prijatnom na dodir. Izuzetno moderne plo\u010dice plave boje, osve\u017eit \u0107e svaki prostor. Dimenzije ovih plo\u010dica su 10&#215;30 cm. Krakle 34605 dolazi iz Italije, koja je poznata po vrlo visokoj kvaliteta keramike u svetu.<\/p>\n<p>Kliknite na ime serije za sve plo\u010dice u toj seriji: <a class=\"pdfcatal\" href=\"\/\/www.ceramictiles.com\/pdf\/tonalite\/krakle.pdf\" onclick=\"recordOutboundLink(this, 'E-mail', 'Description PDF');return false;\">Tonalite Krakle<\/a><\/p>\n<p>Da bi naru\u010dili model iz PDF kataloga ove serije, molimo vas, da nas kontaktirate na: <a href=\"mailto:zo_mi@ceramictiles.com\" onclick=\"recordOutboundLink(this, 'E-mail', 'Description mail');return false;\">zo_mi@ceramictiles.com<\/a> ili nas pozovite na: For exact offer, PLS send us quantity and product you need with delivery address..<\/p>\n<p>Technical description: 10&#215;30 cm; 15&#215;15 cm; 7,5&#215;15 cm;<\/p>\n","protected":false},"excerpt":{"rendered":"<p>Debljina 9 mm \u010dini plo\u010dicu vrlo izdr\u017eljivom i prijatnom na dodir. Izuzetno moderne plo\u010dice plave boje, osve\u017eit \u0107e svaki prostor. Dimenzije ovih plo\u010dica su 10&#215;30 cm. Krakle 34605 dolazi iz Italije, koja je poznata po vrlo visokoj kvaliteta keramike u svetu. Kliknite na ime serije za sve plo\u010dice u toj seriji: Tonalite Krakle Da bi [&hellip;]<\/p>\n","protected":false},"featured_media":98267,"template":"","meta":[],"product_cat":[200,230,999,9991048,250],"product_tag":[],"_links":{"self":[{"href":"https:\/\/www.keramika.com\/srbija\/wp-json\/wp\/v2\/product\/98266"}],"collection":[{"href":"https:\/\/www.keramika.com\/srbija\/wp-json\/wp\/v2\/product"}],"about":[{"href":"https:\/\/www.keramika.com\/srbija\/wp-json\/wp\/v2\/types\/product"}],"wp:featuredmedia":[{"embeddable":true,"href":"https:\/\/www.keramika.com\/srbija\/wp-json\/wp\/v2\/media\/98267"}],"wp:attachment":[{"href":"https:\/\/www.keramika.com\/srbija\/wp-json\/wp\/v2\/media?parent=98266"}],"wp:term":[{"taxonomy":"product_cat","embeddable":true,"href":"https:\/\/www.keramika.com\/srbija\/wp-json\/wp\/v2\/product_cat?post=98266"},{"taxonomy":"product_tag","embeddable":true,"href":"https:\/\/www.keramika.com\/srbija\/wp-json\/wp\/v2\/product_tag?post=98266"}],"curies":[{"name":"wp","href":"https:\/\/api.w.org\/{rel}","templated":true}]}}