{"id":98228,"date":"2017-07-02T19:06:06","date_gmt":"2017-07-02T19:06:06","guid":{"rendered":"http:\/\/www.ceramictiles.com\/srbija\/product\/hexagon-exarel-sam-4\/"},"modified":"2017-07-04T12:10:03","modified_gmt":"2017-07-04T12:10:03","slug":"hexagon-exarel-sam-4","status":"publish","type":"product","link":"https:\/\/www.keramika.com\/srbija\/hexagon-exarel-sam-4\/","title":{"rendered":"Hexagon Exarel Sam 4"},"content":{"rendered":"<p>Plo\u010dice be\u017e boje osvje\u017eit \u0107e svaki prostor. 8 mm debljina \u0107e zadovoljiti i najzahtevnije kupce. Veli\u010dina 15&#215;15 cm je odli\u010dna za sve podloge. plo\u010dica proizvo\u0111a\u010da Tonalite iz Italije.<\/p>\n<p>Kliknite na ime serije za sve plo\u010dice u toj seriji: <a class=\"pdfcatal\" href=\"\/\/www.ceramictiles.com\/pdf\/tonalite\/exa.pdf\" onclick=\"recordOutboundLink(this, 'E-mail', 'Description PDF');return false;\">Tonalite Exa<\/a><\/p>\n<p>Da bi naru\u010dili model iz PDF kataloga ove serije, molimo vas, da nas kontaktirate na: <a href=\"mailto:zo_mi@ceramictiles.com\" onclick=\"recordOutboundLink(this, 'E-mail', 'Description mail');return false;\">zo_mi@ceramictiles.com<\/a> ili nas pozovite na: For exact offer, PLS send us quantity and product you need with delivery address..<\/p>\n<p>Technical description: 15,3&#215;17,5 cm<\/p>\n","protected":false},"excerpt":{"rendered":"<p>Plo\u010dice be\u017e boje osvje\u017eit \u0107e svaki prostor. 8 mm debljina \u0107e zadovoljiti i najzahtevnije kupce. Veli\u010dina 15&#215;15 cm je odli\u010dna za sve podloge. plo\u010dica proizvo\u0111a\u010da Tonalite iz Italije. Kliknite na ime serije za sve plo\u010dice u toj seriji: Tonalite Exa Da bi naru\u010dili model iz PDF kataloga ove serije, molimo vas, da nas kontaktirate na: [&hellip;]<\/p>\n","protected":false},"featured_media":98229,"template":"","meta":[],"product_cat":[200,230,999,9991048,250],"product_tag":[99950089],"_links":{"self":[{"href":"https:\/\/www.keramika.com\/srbija\/wp-json\/wp\/v2\/product\/98228"}],"collection":[{"href":"https:\/\/www.keramika.com\/srbija\/wp-json\/wp\/v2\/product"}],"about":[{"href":"https:\/\/www.keramika.com\/srbija\/wp-json\/wp\/v2\/types\/product"}],"wp:featuredmedia":[{"embeddable":true,"href":"https:\/\/www.keramika.com\/srbija\/wp-json\/wp\/v2\/media\/98229"}],"wp:attachment":[{"href":"https:\/\/www.keramika.com\/srbija\/wp-json\/wp\/v2\/media?parent=98228"}],"wp:term":[{"taxonomy":"product_cat","embeddable":true,"href":"https:\/\/www.keramika.com\/srbija\/wp-json\/wp\/v2\/product_cat?post=98228"},{"taxonomy":"product_tag","embeddable":true,"href":"https:\/\/www.keramika.com\/srbija\/wp-json\/wp\/v2\/product_tag?post=98228"}],"curies":[{"name":"wp","href":"https:\/\/api.w.org\/{rel}","templated":true}]}}