{"id":98108,"date":"2017-07-02T18:45:06","date_gmt":"2017-07-02T18:45:06","guid":{"rendered":"http:\/\/www.ceramictiles.com\/srbija\/product\/hexagon-examix-avorio-2\/"},"modified":"2017-07-04T12:11:36","modified_gmt":"2017-07-04T12:11:36","slug":"hexagon-examix-avorio-2","status":"publish","type":"product","link":"https:\/\/www.keramika.com\/srbija\/hexagon-examix-avorio-2\/","title":{"rendered":"Hexagon Examix Avorio 2"},"content":{"rendered":"<p>Ove be\u017e kerami\u010dke plo\u010dice, obogatit \u0107e svaki prostor. Dimenzije ovih plo\u010dica su 15&#215;15 cm. Hexagon Examix Avorio 2 je proizvod iz Italije te je izuzetno kvalitetna. Debljina 8 mm \u010dini plo\u010dicu vrlo izdr\u017eljivom i prijatnom na dodir.<\/p>\n<p>Kliknite na ime serije za sve plo\u010dice u toj seriji: <a class=\"pdfcatal\" href=\"\/\/www.ceramictiles.com\/pdf\/tonalite\/exa.pdf\" onclick=\"recordOutboundLink(this, 'E-mail', 'Description PDF');return false;\">Tonalite Exa<\/a><\/p>\n<p>Da bi naru\u010dili model iz PDF kataloga ove serije, molimo vas, da nas kontaktirate na: <a href=\"mailto:zo_mi@ceramictiles.com\" onclick=\"recordOutboundLink(this, 'E-mail', 'Description mail');return false;\">zo_mi@ceramictiles.com<\/a> ili nas pozovite na: For exact offer, PLS send us quantity and product you need with delivery address..<\/p>\n<p>Technical description: 15,3&#215;17,5 cm<\/p>\n","protected":false},"excerpt":{"rendered":"<p>Ove be\u017e kerami\u010dke plo\u010dice, obogatit \u0107e svaki prostor. Dimenzije ovih plo\u010dica su 15&#215;15 cm. Hexagon Examix Avorio 2 je proizvod iz Italije te je izuzetno kvalitetna. Debljina 8 mm \u010dini plo\u010dicu vrlo izdr\u017eljivom i prijatnom na dodir. Kliknite na ime serije za sve plo\u010dice u toj seriji: Tonalite Exa Da bi naru\u010dili model iz PDF [&hellip;]<\/p>\n","protected":false},"featured_media":98109,"template":"","meta":[],"product_cat":[200,230,999,9991048,250],"product_tag":[99950089],"_links":{"self":[{"href":"https:\/\/www.keramika.com\/srbija\/wp-json\/wp\/v2\/product\/98108"}],"collection":[{"href":"https:\/\/www.keramika.com\/srbija\/wp-json\/wp\/v2\/product"}],"about":[{"href":"https:\/\/www.keramika.com\/srbija\/wp-json\/wp\/v2\/types\/product"}],"wp:featuredmedia":[{"embeddable":true,"href":"https:\/\/www.keramika.com\/srbija\/wp-json\/wp\/v2\/media\/98109"}],"wp:attachment":[{"href":"https:\/\/www.keramika.com\/srbija\/wp-json\/wp\/v2\/media?parent=98108"}],"wp:term":[{"taxonomy":"product_cat","embeddable":true,"href":"https:\/\/www.keramika.com\/srbija\/wp-json\/wp\/v2\/product_cat?post=98108"},{"taxonomy":"product_tag","embeddable":true,"href":"https:\/\/www.keramika.com\/srbija\/wp-json\/wp\/v2\/product_tag?post=98108"}],"curies":[{"name":"wp","href":"https:\/\/api.w.org\/{rel}","templated":true}]}}