{"id":98098,"date":"2017-07-02T18:43:20","date_gmt":"2017-07-02T18:43:20","guid":{"rendered":"http:\/\/www.ceramictiles.com\/srbija\/product\/hexagon-examix-avorio-13\/"},"modified":"2017-07-04T12:11:43","modified_gmt":"2017-07-04T12:11:43","slug":"hexagon-examix-avorio-13","status":"publish","type":"product","link":"https:\/\/www.keramika.com\/srbija\/hexagon-examix-avorio-13\/","title":{"rendered":"Hexagon Examix Avorio 13"},"content":{"rendered":"<p>Ta kolekcija, model plo\u010dice, se prodaje najvi\u0161e be\u017e boje. Debljina 8 mm \u010dini plo\u010dicu vrlo izdr\u017eljivom i prijatnom na dodir. Veli\u010dina 15&#215;15 cm je odli\u010dna za sve podloge. Ove plo\u010dice dolaze od proizvo\u0111a\u010da Tonalite, iz Italije.<\/p>\n<p>Kliknite na ime serije za sve plo\u010dice u toj seriji: <a class=\"pdfcatal\" href=\"\/\/www.ceramictiles.com\/pdf\/tonalite\/exa.pdf\" onclick=\"recordOutboundLink(this, 'E-mail', 'Description PDF');return false;\">Tonalite Exa<\/a><\/p>\n<p>Da bi naru\u010dili model iz PDF kataloga ove serije, molimo vas, da nas kontaktirate na: <a href=\"mailto:zo_mi@ceramictiles.com\" onclick=\"recordOutboundLink(this, 'E-mail', 'Description mail');return false;\">zo_mi@ceramictiles.com<\/a> ili nas pozovite na: For exact offer, PLS send us quantity and product you need with delivery address..<\/p>\n<p>Technical description: 15,3&#215;17,5 cm<\/p>\n","protected":false},"excerpt":{"rendered":"<p>Ta kolekcija, model plo\u010dice, se prodaje najvi\u0161e be\u017e boje. Debljina 8 mm \u010dini plo\u010dicu vrlo izdr\u017eljivom i prijatnom na dodir. Veli\u010dina 15&#215;15 cm je odli\u010dna za sve podloge. Ove plo\u010dice dolaze od proizvo\u0111a\u010da Tonalite, iz Italije. Kliknite na ime serije za sve plo\u010dice u toj seriji: Tonalite Exa Da bi naru\u010dili model iz PDF kataloga [&hellip;]<\/p>\n","protected":false},"featured_media":98099,"template":"","meta":[],"product_cat":[200,230,999,9991048,250],"product_tag":[99950089],"_links":{"self":[{"href":"https:\/\/www.keramika.com\/srbija\/wp-json\/wp\/v2\/product\/98098"}],"collection":[{"href":"https:\/\/www.keramika.com\/srbija\/wp-json\/wp\/v2\/product"}],"about":[{"href":"https:\/\/www.keramika.com\/srbija\/wp-json\/wp\/v2\/types\/product"}],"wp:featuredmedia":[{"embeddable":true,"href":"https:\/\/www.keramika.com\/srbija\/wp-json\/wp\/v2\/media\/98099"}],"wp:attachment":[{"href":"https:\/\/www.keramika.com\/srbija\/wp-json\/wp\/v2\/media?parent=98098"}],"wp:term":[{"taxonomy":"product_cat","embeddable":true,"href":"https:\/\/www.keramika.com\/srbija\/wp-json\/wp\/v2\/product_cat?post=98098"},{"taxonomy":"product_tag","embeddable":true,"href":"https:\/\/www.keramika.com\/srbija\/wp-json\/wp\/v2\/product_tag?post=98098"}],"curies":[{"name":"wp","href":"https:\/\/api.w.org\/{rel}","templated":true}]}}