{"id":98074,"date":"2017-07-02T18:39:09","date_gmt":"2017-07-02T18:39:09","guid":{"rendered":"http:\/\/www.ceramictiles.com\/srbija\/product\/hexagon-d-exa-mo\/"},"modified":"2017-07-04T12:12:01","modified_gmt":"2017-07-04T12:12:01","slug":"hexagon-d-exa-mo","status":"publish","type":"product","link":"https:\/\/www.keramika.com\/srbija\/hexagon-d-exa-mo\/","title":{"rendered":"Hexagon D Exa Mo"},"content":{"rendered":"<p>Ta kolekcija, model plo\u010dice, se prodaje najvi\u0161e be\u017e boje. Dimenzije ovih plo\u010dica su 15&#215;15 cm. Plo\u010dice dolaze iz Italije, koja je poznata po kvalitetnoj keramiki. 8 mm debljina \u0107e zadovoljiti i najzahtevnije kupce.<\/p>\n<p>Kliknite na ime serije za sve plo\u010dice u toj seriji: <a class=\"pdfcatal\" href=\"\/\/www.ceramictiles.com\/pdf\/tonalite\/exa.pdf\" onclick=\"recordOutboundLink(this, 'E-mail', 'Description PDF');return false;\">Tonalite Exa<\/a><\/p>\n<p>Da bi naru\u010dili model iz PDF kataloga ove serije, molimo vas, da nas kontaktirate na: <a href=\"mailto:zo_mi@ceramictiles.com\" onclick=\"recordOutboundLink(this, 'E-mail', 'Description mail');return false;\">zo_mi@ceramictiles.com<\/a> ili nas pozovite na: For exact offer, PLS send us quantity and product you need with delivery address..<\/p>\n<p>Technical description: 15,3&#215;17,5 cm<\/p>\n","protected":false},"excerpt":{"rendered":"<p>Ta kolekcija, model plo\u010dice, se prodaje najvi\u0161e be\u017e boje. Dimenzije ovih plo\u010dica su 15&#215;15 cm. Plo\u010dice dolaze iz Italije, koja je poznata po kvalitetnoj keramiki. 8 mm debljina \u0107e zadovoljiti i najzahtevnije kupce. Kliknite na ime serije za sve plo\u010dice u toj seriji: Tonalite Exa Da bi naru\u010dili model iz PDF kataloga ove serije, molimo [&hellip;]<\/p>\n","protected":false},"featured_media":98075,"template":"","meta":[],"product_cat":[200,230,999,9991048,250],"product_tag":[99950089],"_links":{"self":[{"href":"https:\/\/www.keramika.com\/srbija\/wp-json\/wp\/v2\/product\/98074"}],"collection":[{"href":"https:\/\/www.keramika.com\/srbija\/wp-json\/wp\/v2\/product"}],"about":[{"href":"https:\/\/www.keramika.com\/srbija\/wp-json\/wp\/v2\/types\/product"}],"wp:featuredmedia":[{"embeddable":true,"href":"https:\/\/www.keramika.com\/srbija\/wp-json\/wp\/v2\/media\/98075"}],"wp:attachment":[{"href":"https:\/\/www.keramika.com\/srbija\/wp-json\/wp\/v2\/media?parent=98074"}],"wp:term":[{"taxonomy":"product_cat","embeddable":true,"href":"https:\/\/www.keramika.com\/srbija\/wp-json\/wp\/v2\/product_cat?post=98074"},{"taxonomy":"product_tag","embeddable":true,"href":"https:\/\/www.keramika.com\/srbija\/wp-json\/wp\/v2\/product_tag?post=98074"}],"curies":[{"name":"wp","href":"https:\/\/api.w.org\/{rel}","templated":true}]}}