{"id":98062,"date":"2017-07-02T18:37:12","date_gmt":"2017-07-02T18:37:12","guid":{"rendered":"http:\/\/www.ceramictiles.com\/srbija\/product\/hexagon-6549\/"},"modified":"2017-07-04T12:12:11","modified_gmt":"2017-07-04T12:12:11","slug":"hexagon-6549","status":"publish","type":"product","link":"https:\/\/www.keramika.com\/srbija\/hexagon-6549\/","title":{"rendered":"Hexagon 6549"},"content":{"rendered":"<p>Plo\u010dice narand\u017easte boje, su letos izuzetno tre\u017eene. Veli\u010dina ove plo\u010dice je 15&#215;15 cm. Plo\u010dice dolaze iz Italije, koja je poznata po kvalitetnoj keramiki. Plo\u010dica je debela 8 mm, \u0161to je ubraja u tvrde plo\u010dice.<\/p>\n<p>Kliknite na ime serije za sve plo\u010dice u toj seriji: <a class=\"pdfcatal\" href=\"\/\/www.ceramictiles.com\/pdf\/tonalite\/exa.pdf\" onclick=\"recordOutboundLink(this, 'E-mail', 'Description PDF');return false;\">Tonalite Exa<\/a><\/p>\n<p>Da bi naru\u010dili model iz PDF kataloga ove serije, molimo vas, da nas kontaktirate na: <a href=\"mailto:zo_mi@ceramictiles.com\" onclick=\"recordOutboundLink(this, 'E-mail', 'Description mail');return false;\">zo_mi@ceramictiles.com<\/a> ili nas pozovite na: For exact offer, PLS send us quantity and product you need with delivery address..<\/p>\n<p>Technical description: 15,3&#215;17,5 cm<\/p>\n","protected":false},"excerpt":{"rendered":"<p>Plo\u010dice narand\u017easte boje, su letos izuzetno tre\u017eene. Veli\u010dina ove plo\u010dice je 15&#215;15 cm. Plo\u010dice dolaze iz Italije, koja je poznata po kvalitetnoj keramiki. Plo\u010dica je debela 8 mm, \u0161to je ubraja u tvrde plo\u010dice. Kliknite na ime serije za sve plo\u010dice u toj seriji: Tonalite Exa Da bi naru\u010dili model iz PDF kataloga ove serije, [&hellip;]<\/p>\n","protected":false},"featured_media":98063,"template":"","meta":[],"product_cat":[200,230,999,9991048,250],"product_tag":[99950089],"_links":{"self":[{"href":"https:\/\/www.keramika.com\/srbija\/wp-json\/wp\/v2\/product\/98062"}],"collection":[{"href":"https:\/\/www.keramika.com\/srbija\/wp-json\/wp\/v2\/product"}],"about":[{"href":"https:\/\/www.keramika.com\/srbija\/wp-json\/wp\/v2\/types\/product"}],"wp:featuredmedia":[{"embeddable":true,"href":"https:\/\/www.keramika.com\/srbija\/wp-json\/wp\/v2\/media\/98063"}],"wp:attachment":[{"href":"https:\/\/www.keramika.com\/srbija\/wp-json\/wp\/v2\/media?parent=98062"}],"wp:term":[{"taxonomy":"product_cat","embeddable":true,"href":"https:\/\/www.keramika.com\/srbija\/wp-json\/wp\/v2\/product_cat?post=98062"},{"taxonomy":"product_tag","embeddable":true,"href":"https:\/\/www.keramika.com\/srbija\/wp-json\/wp\/v2\/product_tag?post=98062"}],"curies":[{"name":"wp","href":"https:\/\/api.w.org\/{rel}","templated":true}]}}