{"id":98060,"date":"2017-07-02T18:36:53","date_gmt":"2017-07-02T18:36:53","guid":{"rendered":"http:\/\/www.ceramictiles.com\/srbija\/product\/hexagon-6547\/"},"modified":"2017-07-04T12:12:12","modified_gmt":"2017-07-04T12:12:12","slug":"hexagon-6547","status":"publish","type":"product","link":"https:\/\/www.keramika.com\/srbija\/hexagon-6547\/","title":{"rendered":"Hexagon 6547"},"content":{"rendered":"<p>Keramika je prekrasne \u017eute boje. U koliko \u017eelite neku drugu boju, pozovite nas i mi \u0107emo proveriti kod proizvo\u0111a\u010da. Debljina 8 mm \u010dini plo\u010dicu vrlo izdr\u017eljivom i prijatnom na dodir. Hexagon 6547 je proizvod iz Italije te je izuzetno kvalitetna. Plo\u010dica 15&#215;15 cm je dobra za ve\u0107 razli\u010ditih namena.<\/p>\n<p>Kliknite na ime serije za sve plo\u010dice u toj seriji: <a class=\"pdfcatal\" href=\"\/\/www.ceramictiles.com\/pdf\/tonalite\/exa.pdf\" onclick=\"recordOutboundLink(this, 'E-mail', 'Description PDF');return false;\">Tonalite Exa<\/a><\/p>\n<p>Da bi naru\u010dili model iz PDF kataloga ove serije, molimo vas, da nas kontaktirate na: <a href=\"mailto:zo_mi@ceramictiles.com\" onclick=\"recordOutboundLink(this, 'E-mail', 'Description mail');return false;\">zo_mi@ceramictiles.com<\/a> ili nas pozovite na: For exact offer, PLS send us quantity and product you need with delivery address..<\/p>\n<p>Technical description: 15,3&#215;17,5 cm<\/p>\n","protected":false},"excerpt":{"rendered":"<p>Keramika je prekrasne \u017eute boje. U koliko \u017eelite neku drugu boju, pozovite nas i mi \u0107emo proveriti kod proizvo\u0111a\u010da. Debljina 8 mm \u010dini plo\u010dicu vrlo izdr\u017eljivom i prijatnom na dodir. Hexagon 6547 je proizvod iz Italije te je izuzetno kvalitetna. Plo\u010dica 15&#215;15 cm je dobra za ve\u0107 razli\u010ditih namena. Kliknite na ime serije za sve [&hellip;]<\/p>\n","protected":false},"featured_media":98061,"template":"","meta":[],"product_cat":[200,230,999,9991048,250],"product_tag":[99950089],"_links":{"self":[{"href":"https:\/\/www.keramika.com\/srbija\/wp-json\/wp\/v2\/product\/98060"}],"collection":[{"href":"https:\/\/www.keramika.com\/srbija\/wp-json\/wp\/v2\/product"}],"about":[{"href":"https:\/\/www.keramika.com\/srbija\/wp-json\/wp\/v2\/types\/product"}],"wp:featuredmedia":[{"embeddable":true,"href":"https:\/\/www.keramika.com\/srbija\/wp-json\/wp\/v2\/media\/98061"}],"wp:attachment":[{"href":"https:\/\/www.keramika.com\/srbija\/wp-json\/wp\/v2\/media?parent=98060"}],"wp:term":[{"taxonomy":"product_cat","embeddable":true,"href":"https:\/\/www.keramika.com\/srbija\/wp-json\/wp\/v2\/product_cat?post=98060"},{"taxonomy":"product_tag","embeddable":true,"href":"https:\/\/www.keramika.com\/srbija\/wp-json\/wp\/v2\/product_tag?post=98060"}],"curies":[{"name":"wp","href":"https:\/\/api.w.org\/{rel}","templated":true}]}}