{"id":98054,"date":"2017-07-02T18:35:51","date_gmt":"2017-07-02T18:35:51","guid":{"rendered":"http:\/\/www.ceramictiles.com\/srbija\/product\/hexagon-6532\/"},"modified":"2017-07-04T12:12:16","modified_gmt":"2017-07-04T12:12:16","slug":"hexagon-6532","status":"publish","type":"product","link":"https:\/\/www.keramika.com\/srbija\/hexagon-6532\/","title":{"rendered":"Hexagon 6532"},"content":{"rendered":"<p>Plo\u010dice dolaze iz Italije, koja je poznata po kvalitetnoj keramiki. Dimenzije ovih plo\u010dica su 15&#215;15 cm. Plo\u010dica je debela 8 mm, \u0161to je ubraja u tvrde plo\u010dice. Ta kolekcija, model plo\u010dice, se prodaje najvi\u0161e crvene boje.<\/p>\n<p>Kliknite na ime serije za sve plo\u010dice u toj seriji: <a class=\"pdfcatal\" href=\"\/\/www.ceramictiles.com\/pdf\/tonalite\/exa.pdf\" onclick=\"recordOutboundLink(this, 'E-mail', 'Description PDF');return false;\">Tonalite Exa<\/a><\/p>\n<p>Da bi naru\u010dili model iz PDF kataloga ove serije, molimo vas, da nas kontaktirate na: <a href=\"mailto:zo_mi@ceramictiles.com\" onclick=\"recordOutboundLink(this, 'E-mail', 'Description mail');return false;\">zo_mi@ceramictiles.com<\/a> ili nas pozovite na: For exact offer, PLS send us quantity and product you need with delivery address..<\/p>\n<p>Technical description: 15,3&#215;17,5 cm<\/p>\n","protected":false},"excerpt":{"rendered":"<p>Plo\u010dice dolaze iz Italije, koja je poznata po kvalitetnoj keramiki. Dimenzije ovih plo\u010dica su 15&#215;15 cm. Plo\u010dica je debela 8 mm, \u0161to je ubraja u tvrde plo\u010dice. Ta kolekcija, model plo\u010dice, se prodaje najvi\u0161e crvene boje. Kliknite na ime serije za sve plo\u010dice u toj seriji: Tonalite Exa Da bi naru\u010dili model iz PDF kataloga [&hellip;]<\/p>\n","protected":false},"featured_media":98055,"template":"","meta":[],"product_cat":[200,230,999,9991048,250],"product_tag":[99950089],"_links":{"self":[{"href":"https:\/\/www.keramika.com\/srbija\/wp-json\/wp\/v2\/product\/98054"}],"collection":[{"href":"https:\/\/www.keramika.com\/srbija\/wp-json\/wp\/v2\/product"}],"about":[{"href":"https:\/\/www.keramika.com\/srbija\/wp-json\/wp\/v2\/types\/product"}],"wp:featuredmedia":[{"embeddable":true,"href":"https:\/\/www.keramika.com\/srbija\/wp-json\/wp\/v2\/media\/98055"}],"wp:attachment":[{"href":"https:\/\/www.keramika.com\/srbija\/wp-json\/wp\/v2\/media?parent=98054"}],"wp:term":[{"taxonomy":"product_cat","embeddable":true,"href":"https:\/\/www.keramika.com\/srbija\/wp-json\/wp\/v2\/product_cat?post=98054"},{"taxonomy":"product_tag","embeddable":true,"href":"https:\/\/www.keramika.com\/srbija\/wp-json\/wp\/v2\/product_tag?post=98054"}],"curies":[{"name":"wp","href":"https:\/\/api.w.org\/{rel}","templated":true}]}}