{"id":97994,"date":"2017-07-02T18:27:01","date_gmt":"2017-07-02T18:27:01","guid":{"rendered":"http:\/\/www.ceramictiles.com\/srbija\/product\/geomat-hex1679\/"},"modified":"2017-07-04T12:12:40","modified_gmt":"2017-07-04T12:12:40","slug":"geomat-hex1679","status":"publish","type":"product","link":"https:\/\/www.keramika.com\/srbija\/geomat-hex1679\/","title":{"rendered":"Geomat Hex1679"},"content":{"rendered":"<p>Dimenzije ovih plo\u010dica su 20&#215;20 cm. Izuzetno moderne plo\u010dice crne boje, osve\u017eit \u0107e svaki prostor. Geomat Hex1679 dolazi iz Italije, koja je poznata po vrlo visokoj kvaliteta keramike u svetu. Debljina 8 mm \u010dini plo\u010dicu vrlo izdr\u017eljivom i prijatnom na dodir.<\/p>\n<p>Kliknite na ime serije za sve plo\u010dice u toj seriji: <a class=\"pdfcatal\" href=\"\/\/www.ceramictiles.com\/pdf\/tonalite\/geomat.pdf\" onclick=\"recordOutboundLink(this, 'E-mail', 'Description PDF');return false;\">Tonalite Geomat<\/a><\/p>\n<p>Da bi naru\u010dili model iz PDF kataloga ove serije, molimo vas, da nas kontaktirate na: <a href=\"mailto:zo_mi@ceramictiles.com\" onclick=\"recordOutboundLink(this, 'E-mail', 'Description mail');return false;\">zo_mi@ceramictiles.com<\/a> ili nas pozovite na: For exact offer, PLS send us quantity and product you need with delivery address..<\/p>\n<p>Technical description: 20&#215;20 cm; 6,2&#215;7 cm; 7,5&#215;30 cm; 14,5&#215;14,5 cm; 14,5&#215;24,5 cm<\/p>\n","protected":false},"excerpt":{"rendered":"<p>Dimenzije ovih plo\u010dica su 20&#215;20 cm. Izuzetno moderne plo\u010dice crne boje, osve\u017eit \u0107e svaki prostor. Geomat Hex1679 dolazi iz Italije, koja je poznata po vrlo visokoj kvaliteta keramike u svetu. Debljina 8 mm \u010dini plo\u010dicu vrlo izdr\u017eljivom i prijatnom na dodir. Kliknite na ime serije za sve plo\u010dice u toj seriji: Tonalite Geomat Da bi [&hellip;]<\/p>\n","protected":false},"featured_media":97995,"template":"","meta":[],"product_cat":[200,230,999,9991048,250],"product_tag":[99950089],"_links":{"self":[{"href":"https:\/\/www.keramika.com\/srbija\/wp-json\/wp\/v2\/product\/97994"}],"collection":[{"href":"https:\/\/www.keramika.com\/srbija\/wp-json\/wp\/v2\/product"}],"about":[{"href":"https:\/\/www.keramika.com\/srbija\/wp-json\/wp\/v2\/types\/product"}],"wp:featuredmedia":[{"embeddable":true,"href":"https:\/\/www.keramika.com\/srbija\/wp-json\/wp\/v2\/media\/97995"}],"wp:attachment":[{"href":"https:\/\/www.keramika.com\/srbija\/wp-json\/wp\/v2\/media?parent=97994"}],"wp:term":[{"taxonomy":"product_cat","embeddable":true,"href":"https:\/\/www.keramika.com\/srbija\/wp-json\/wp\/v2\/product_cat?post=97994"},{"taxonomy":"product_tag","embeddable":true,"href":"https:\/\/www.keramika.com\/srbija\/wp-json\/wp\/v2\/product_tag?post=97994"}],"curies":[{"name":"wp","href":"https:\/\/api.w.org\/{rel}","templated":true}]}}