{"id":97992,"date":"2017-07-02T18:26:43","date_gmt":"2017-07-02T18:26:43","guid":{"rendered":"http:\/\/www.ceramictiles.com\/srbija\/product\/geomat-hex1678\/"},"modified":"2017-07-04T12:12:41","modified_gmt":"2017-07-04T12:12:41","slug":"geomat-hex1678","status":"publish","type":"product","link":"https:\/\/www.keramika.com\/srbija\/geomat-hex1678\/","title":{"rendered":"Geomat Hex1678"},"content":{"rendered":"<p>8 mm debljina \u0107e zadovoljiti i najzahtevnije kupce. \u0160irina i du\u017eina plo\u010dice su 20&#215;20 cm. Ove braon kerami\u010dke plo\u010dice, obogatit \u0107e svaki prostor. Proizvodnja Italije ,koja je poznata u svetu, kao jedana od najboljih proizvo\u0111a\u010da kerami\u010dkih plo\u010dica.<\/p>\n<p>Kliknite na ime serije za sve plo\u010dice u toj seriji: <a class=\"pdfcatal\" href=\"\/\/www.ceramictiles.com\/pdf\/tonalite\/geomat.pdf\" onclick=\"recordOutboundLink(this, 'E-mail', 'Description PDF');return false;\">Tonalite Geomat<\/a><\/p>\n<p>Da bi naru\u010dili model iz PDF kataloga ove serije, molimo vas, da nas kontaktirate na: <a href=\"mailto:zo_mi@ceramictiles.com\" onclick=\"recordOutboundLink(this, 'E-mail', 'Description mail');return false;\">zo_mi@ceramictiles.com<\/a> ili nas pozovite na: For exact offer, PLS send us quantity and product you need with delivery address..<\/p>\n<p>Technical description: 20&#215;20 cm; 6,2&#215;7 cm; 7,5&#215;30 cm; 14,5&#215;14,5 cm; 14,5&#215;24,5 cm<\/p>\n","protected":false},"excerpt":{"rendered":"<p>8 mm debljina \u0107e zadovoljiti i najzahtevnije kupce. \u0160irina i du\u017eina plo\u010dice su 20&#215;20 cm. Ove braon kerami\u010dke plo\u010dice, obogatit \u0107e svaki prostor. Proizvodnja Italije ,koja je poznata u svetu, kao jedana od najboljih proizvo\u0111a\u010da kerami\u010dkih plo\u010dica. Kliknite na ime serije za sve plo\u010dice u toj seriji: Tonalite Geomat Da bi naru\u010dili model iz PDF [&hellip;]<\/p>\n","protected":false},"featured_media":97993,"template":"","meta":[],"product_cat":[200,230,999,9991048,250],"product_tag":[99950089],"_links":{"self":[{"href":"https:\/\/www.keramika.com\/srbija\/wp-json\/wp\/v2\/product\/97992"}],"collection":[{"href":"https:\/\/www.keramika.com\/srbija\/wp-json\/wp\/v2\/product"}],"about":[{"href":"https:\/\/www.keramika.com\/srbija\/wp-json\/wp\/v2\/types\/product"}],"wp:featuredmedia":[{"embeddable":true,"href":"https:\/\/www.keramika.com\/srbija\/wp-json\/wp\/v2\/media\/97993"}],"wp:attachment":[{"href":"https:\/\/www.keramika.com\/srbija\/wp-json\/wp\/v2\/media?parent=97992"}],"wp:term":[{"taxonomy":"product_cat","embeddable":true,"href":"https:\/\/www.keramika.com\/srbija\/wp-json\/wp\/v2\/product_cat?post=97992"},{"taxonomy":"product_tag","embeddable":true,"href":"https:\/\/www.keramika.com\/srbija\/wp-json\/wp\/v2\/product_tag?post=97992"}],"curies":[{"name":"wp","href":"https:\/\/api.w.org\/{rel}","templated":true}]}}