{"id":97986,"date":"2017-07-02T18:25:48","date_gmt":"2017-07-02T18:25:48","guid":{"rendered":"http:\/\/www.ceramictiles.com\/srbija\/product\/geomat-hex1672\/"},"modified":"2017-07-04T12:12:46","modified_gmt":"2017-07-04T12:12:46","slug":"geomat-hex1672","status":"publish","type":"product","link":"https:\/\/www.keramika.com\/srbija\/geomat-hex1672\/","title":{"rendered":"Geomat Hex1672"},"content":{"rendered":"<p>Geomat Hex1672 je proizvod iz Italije te je izuzetno kvalitetna. Keramika je prekrasne sive boje. U koliko \u017eelite neku drugu boju, pozovite nas i mi \u0107emo proveriti kod proizvo\u0111a\u010da. Plo\u010dica je debela 8 mm, \u0161to je ubraja u tvrde plo\u010dice. \u0160irina i du\u017eina plo\u010dice su 20&#215;20 cm.<\/p>\n<p>Kliknite na ime serije za sve plo\u010dice u toj seriji: <a class=\"pdfcatal\" href=\"\/\/www.ceramictiles.com\/pdf\/tonalite\/geomat.pdf\" onclick=\"recordOutboundLink(this, 'E-mail', 'Description PDF');return false;\">Tonalite Geomat<\/a><\/p>\n<p>Da bi naru\u010dili model iz PDF kataloga ove serije, molimo vas, da nas kontaktirate na: <a href=\"mailto:zo_mi@ceramictiles.com\" onclick=\"recordOutboundLink(this, 'E-mail', 'Description mail');return false;\">zo_mi@ceramictiles.com<\/a> ili nas pozovite na: For exact offer, PLS send us quantity and product you need with delivery address..<\/p>\n<p>Technical description: 20&#215;20 cm; 6,2&#215;7 cm; 7,5&#215;30 cm; 14,5&#215;14,5 cm; 14,5&#215;24,5 cm<\/p>\n","protected":false},"excerpt":{"rendered":"<p>Geomat Hex1672 je proizvod iz Italije te je izuzetno kvalitetna. Keramika je prekrasne sive boje. U koliko \u017eelite neku drugu boju, pozovite nas i mi \u0107emo proveriti kod proizvo\u0111a\u010da. Plo\u010dica je debela 8 mm, \u0161to je ubraja u tvrde plo\u010dice. \u0160irina i du\u017eina plo\u010dice su 20&#215;20 cm. Kliknite na ime serije za sve plo\u010dice u [&hellip;]<\/p>\n","protected":false},"featured_media":97987,"template":"","meta":[],"product_cat":[200,230,999,9991048,250],"product_tag":[99950089],"_links":{"self":[{"href":"https:\/\/www.keramika.com\/srbija\/wp-json\/wp\/v2\/product\/97986"}],"collection":[{"href":"https:\/\/www.keramika.com\/srbija\/wp-json\/wp\/v2\/product"}],"about":[{"href":"https:\/\/www.keramika.com\/srbija\/wp-json\/wp\/v2\/types\/product"}],"wp:featuredmedia":[{"embeddable":true,"href":"https:\/\/www.keramika.com\/srbija\/wp-json\/wp\/v2\/media\/97987"}],"wp:attachment":[{"href":"https:\/\/www.keramika.com\/srbija\/wp-json\/wp\/v2\/media?parent=97986"}],"wp:term":[{"taxonomy":"product_cat","embeddable":true,"href":"https:\/\/www.keramika.com\/srbija\/wp-json\/wp\/v2\/product_cat?post=97986"},{"taxonomy":"product_tag","embeddable":true,"href":"https:\/\/www.keramika.com\/srbija\/wp-json\/wp\/v2\/product_tag?post=97986"}],"curies":[{"name":"wp","href":"https:\/\/api.w.org\/{rel}","templated":true}]}}