{"id":97970,"date":"2017-07-02T18:23:14","date_gmt":"2017-07-02T18:23:14","guid":{"rendered":"http:\/\/www.ceramictiles.com\/srbija\/product\/geomat-est1671\/"},"modified":"2017-07-02T18:23:14","modified_gmt":"2017-07-02T18:23:14","slug":"geomat-est1671","status":"publish","type":"product","link":"https:\/\/www.keramika.com\/srbija\/geomat-est1671\/","title":{"rendered":"Geomat Est1671"},"content":{"rendered":"<p>Geomat Est1671 je proizvod iz Italije te je izuzetno kvalitetna. 8 mm debljine je dovoljno za zahtevnije kupce. Veli\u010dina plo\u010dice je 20&#215;20 cm i odli\u010dna je za razli\u010dite povr\u0161ine. Izuzetno moderne plo\u010dice be\u017e boje, osve\u017eit \u0107e svaki prostor.<\/p>\n<p>Kliknite na ime serije za sve plo\u010dice u toj seriji: <a class=\"pdfcatal\" href=\"\/\/www.ceramictiles.com\/pdf\/tonalite\/geomat.pdf\" onclick=\"recordOutboundLink(this, 'E-mail', 'Description PDF');return false;\">Tonalite Geomat<\/a><\/p>\n<p>Da bi naru\u010dili model iz PDF kataloga ove serije, molimo vas, da nas kontaktirate na: <a href=\"mailto:zo_mi@ceramictiles.com\" onclick=\"recordOutboundLink(this, 'E-mail', 'Description mail');return false;\">zo_mi@ceramictiles.com<\/a> ili nas pozovite na: For exact offer, PLS send us quantity and product you need with delivery address..<\/p>\n<p>Technical description: 20&#215;20 cm; 6,2&#215;7 cm; 7,5&#215;30 cm; 14,5&#215;14,5 cm; 14,5&#215;24,5 cm<\/p>\n","protected":false},"excerpt":{"rendered":"<p>Geomat Est1671 je proizvod iz Italije te je izuzetno kvalitetna. 8 mm debljine je dovoljno za zahtevnije kupce. Veli\u010dina plo\u010dice je 20&#215;20 cm i odli\u010dna je za razli\u010dite povr\u0161ine. Izuzetno moderne plo\u010dice be\u017e boje, osve\u017eit \u0107e svaki prostor. Kliknite na ime serije za sve plo\u010dice u toj seriji: Tonalite Geomat Da bi naru\u010dili model iz [&hellip;]<\/p>\n","protected":false},"featured_media":97971,"template":"","meta":[],"product_cat":[200,230,999,9991048,250],"product_tag":[],"_links":{"self":[{"href":"https:\/\/www.keramika.com\/srbija\/wp-json\/wp\/v2\/product\/97970"}],"collection":[{"href":"https:\/\/www.keramika.com\/srbija\/wp-json\/wp\/v2\/product"}],"about":[{"href":"https:\/\/www.keramika.com\/srbija\/wp-json\/wp\/v2\/types\/product"}],"wp:featuredmedia":[{"embeddable":true,"href":"https:\/\/www.keramika.com\/srbija\/wp-json\/wp\/v2\/media\/97971"}],"wp:attachment":[{"href":"https:\/\/www.keramika.com\/srbija\/wp-json\/wp\/v2\/media?parent=97970"}],"wp:term":[{"taxonomy":"product_cat","embeddable":true,"href":"https:\/\/www.keramika.com\/srbija\/wp-json\/wp\/v2\/product_cat?post=97970"},{"taxonomy":"product_tag","embeddable":true,"href":"https:\/\/www.keramika.com\/srbija\/wp-json\/wp\/v2\/product_tag?post=97970"}],"curies":[{"name":"wp","href":"https:\/\/api.w.org\/{rel}","templated":true}]}}