{"id":97952,"date":"2017-07-02T18:19:52","date_gmt":"2017-07-02T18:19:52","guid":{"rendered":"http:\/\/www.ceramictiles.com\/srbija\/product\/exadeco-2\/"},"modified":"2017-07-02T18:19:52","modified_gmt":"2017-07-02T18:19:52","slug":"exadeco-2","status":"publish","type":"product","link":"https:\/\/www.keramika.com\/srbija\/exadeco-2\/","title":{"rendered":"Exadeco 2"},"content":{"rendered":"<p>Exadeco 2 je proizvod iz Italije te je izuzetno kvalitetna. Veli\u010dina plo\u010dice je 15&#215;15 cm i odli\u010dna je za razli\u010dite povr\u0161ine. Plo\u010dice plave boje osvje\u017eit \u0107e svaki prostor. Plo\u010dica je debela 8 mm, \u0161to je ubraja u tvrde plo\u010dice.<\/p>\n<p>Kliknite na ime serije za sve plo\u010dice u toj seriji: <a class=\"pdfcatal\" href=\"\/\/www.ceramictiles.com\/pdf\/tonalite\/exa.pdf\" onclick=\"recordOutboundLink(this, 'E-mail', 'Description PDF');return false;\">Tonalite Exa<\/a><\/p>\n<p>Da bi naru\u010dili model iz PDF kataloga ove serije, molimo vas, da nas kontaktirate na: <a href=\"mailto:zo_mi@ceramictiles.com\" onclick=\"recordOutboundLink(this, 'E-mail', 'Description mail');return false;\">zo_mi@ceramictiles.com<\/a> ili nas pozovite na: For exact offer, PLS send us quantity and product you need with delivery address..<\/p>\n<p>Technical description: 15,3&#215;17,5 cm<\/p>\n","protected":false},"excerpt":{"rendered":"<p>Exadeco 2 je proizvod iz Italije te je izuzetno kvalitetna. Veli\u010dina plo\u010dice je 15&#215;15 cm i odli\u010dna je za razli\u010dite povr\u0161ine. Plo\u010dice plave boje osvje\u017eit \u0107e svaki prostor. Plo\u010dica je debela 8 mm, \u0161to je ubraja u tvrde plo\u010dice. Kliknite na ime serije za sve plo\u010dice u toj seriji: Tonalite Exa Da bi naru\u010dili model [&hellip;]<\/p>\n","protected":false},"featured_media":97953,"template":"","meta":[],"product_cat":[200,230,999,9991048,250],"product_tag":[],"_links":{"self":[{"href":"https:\/\/www.keramika.com\/srbija\/wp-json\/wp\/v2\/product\/97952"}],"collection":[{"href":"https:\/\/www.keramika.com\/srbija\/wp-json\/wp\/v2\/product"}],"about":[{"href":"https:\/\/www.keramika.com\/srbija\/wp-json\/wp\/v2\/types\/product"}],"wp:featuredmedia":[{"embeddable":true,"href":"https:\/\/www.keramika.com\/srbija\/wp-json\/wp\/v2\/media\/97953"}],"wp:attachment":[{"href":"https:\/\/www.keramika.com\/srbija\/wp-json\/wp\/v2\/media?parent=97952"}],"wp:term":[{"taxonomy":"product_cat","embeddable":true,"href":"https:\/\/www.keramika.com\/srbija\/wp-json\/wp\/v2\/product_cat?post=97952"},{"taxonomy":"product_tag","embeddable":true,"href":"https:\/\/www.keramika.com\/srbija\/wp-json\/wp\/v2\/product_tag?post=97952"}],"curies":[{"name":"wp","href":"https:\/\/api.w.org\/{rel}","templated":true}]}}