{"id":97942,"date":"2017-07-02T18:18:06","date_gmt":"2017-07-02T18:18:06","guid":{"rendered":"http:\/\/www.ceramictiles.com\/srbija\/product\/exadeco-13\/"},"modified":"2017-07-02T18:18:06","modified_gmt":"2017-07-02T18:18:06","slug":"exadeco-13","status":"publish","type":"product","link":"https:\/\/www.keramika.com\/srbija\/exadeco-13\/","title":{"rendered":"Exadeco 13"},"content":{"rendered":"<p>plo\u010dica proizvo\u0111a\u010da Tonalite iz Italije. 8 mm debljine je dovoljno za zahtevnije kupce. Plo\u010dice plave boje osvje\u017eit \u0107e svaki prostor. Veli\u010dina ove plo\u010dice je 15&#215;15 cm.<\/p>\n<p>Kliknite na ime serije za sve plo\u010dice u toj seriji: <a class=\"pdfcatal\" href=\"\/\/www.ceramictiles.com\/pdf\/tonalite\/exa.pdf\" onclick=\"recordOutboundLink(this, 'E-mail', 'Description PDF');return false;\">Tonalite Exa<\/a><\/p>\n<p>Da bi naru\u010dili model iz PDF kataloga ove serije, molimo vas, da nas kontaktirate na: <a href=\"mailto:zo_mi@ceramictiles.com\" onclick=\"recordOutboundLink(this, 'E-mail', 'Description mail');return false;\">zo_mi@ceramictiles.com<\/a> ili nas pozovite na: For exact offer, PLS send us quantity and product you need with delivery address..<\/p>\n<p>Technical description: 15,3&#215;17,5 cm<\/p>\n","protected":false},"excerpt":{"rendered":"<p>plo\u010dica proizvo\u0111a\u010da Tonalite iz Italije. 8 mm debljine je dovoljno za zahtevnije kupce. Plo\u010dice plave boje osvje\u017eit \u0107e svaki prostor. Veli\u010dina ove plo\u010dice je 15&#215;15 cm. Kliknite na ime serije za sve plo\u010dice u toj seriji: Tonalite Exa Da bi naru\u010dili model iz PDF kataloga ove serije, molimo vas, da nas kontaktirate na: zo_mi@ceramictiles.com ili [&hellip;]<\/p>\n","protected":false},"featured_media":97943,"template":"","meta":[],"product_cat":[200,230,999,9991048,250],"product_tag":[],"_links":{"self":[{"href":"https:\/\/www.keramika.com\/srbija\/wp-json\/wp\/v2\/product\/97942"}],"collection":[{"href":"https:\/\/www.keramika.com\/srbija\/wp-json\/wp\/v2\/product"}],"about":[{"href":"https:\/\/www.keramika.com\/srbija\/wp-json\/wp\/v2\/types\/product"}],"wp:featuredmedia":[{"embeddable":true,"href":"https:\/\/www.keramika.com\/srbija\/wp-json\/wp\/v2\/media\/97943"}],"wp:attachment":[{"href":"https:\/\/www.keramika.com\/srbija\/wp-json\/wp\/v2\/media?parent=97942"}],"wp:term":[{"taxonomy":"product_cat","embeddable":true,"href":"https:\/\/www.keramika.com\/srbija\/wp-json\/wp\/v2\/product_cat?post=97942"},{"taxonomy":"product_tag","embeddable":true,"href":"https:\/\/www.keramika.com\/srbija\/wp-json\/wp\/v2\/product_tag?post=97942"}],"curies":[{"name":"wp","href":"https:\/\/api.w.org\/{rel}","templated":true}]}}