{"id":97940,"date":"2017-07-02T18:17:46","date_gmt":"2017-07-02T18:17:46","guid":{"rendered":"http:\/\/www.ceramictiles.com\/srbija\/product\/exadeco-12\/"},"modified":"2017-07-02T18:17:46","modified_gmt":"2017-07-02T18:17:46","slug":"exadeco-12","status":"publish","type":"product","link":"https:\/\/www.keramika.com\/srbija\/exadeco-12\/","title":{"rendered":"Exadeco 12"},"content":{"rendered":"<p>Debljina plo\u010dice, je vrlo va\u017ena 8 mm i ubraja tu plo\u010dicu me\u0111u najkvalitetnije. Izuzetno moderne plo\u010dice plave boje, osve\u017eit \u0107e svaki prostor. Ove plo\u010dice dolaze od proizvo\u0111a\u010da Tonalite, iz Italije. Veli\u010dina 15&#215;15 cm je odli\u010dna za sve podloge.<\/p>\n<p>Kliknite na ime serije za sve plo\u010dice u toj seriji: <a class=\"pdfcatal\" href=\"\/\/www.ceramictiles.com\/pdf\/tonalite\/exa.pdf\" onclick=\"recordOutboundLink(this, 'E-mail', 'Description PDF');return false;\">Tonalite Exa<\/a><\/p>\n<p>Da bi naru\u010dili model iz PDF kataloga ove serije, molimo vas, da nas kontaktirate na: <a href=\"mailto:zo_mi@ceramictiles.com\" onclick=\"recordOutboundLink(this, 'E-mail', 'Description mail');return false;\">zo_mi@ceramictiles.com<\/a> ili nas pozovite na: For exact offer, PLS send us quantity and product you need with delivery address..<\/p>\n<p>Technical description: 15,3&#215;17,5 cm<\/p>\n","protected":false},"excerpt":{"rendered":"<p>Debljina plo\u010dice, je vrlo va\u017ena 8 mm i ubraja tu plo\u010dicu me\u0111u najkvalitetnije. Izuzetno moderne plo\u010dice plave boje, osve\u017eit \u0107e svaki prostor. Ove plo\u010dice dolaze od proizvo\u0111a\u010da Tonalite, iz Italije. Veli\u010dina 15&#215;15 cm je odli\u010dna za sve podloge. Kliknite na ime serije za sve plo\u010dice u toj seriji: Tonalite Exa Da bi naru\u010dili model iz [&hellip;]<\/p>\n","protected":false},"featured_media":97941,"template":"","meta":[],"product_cat":[200,230,999,9991048,250],"product_tag":[],"_links":{"self":[{"href":"https:\/\/www.keramika.com\/srbija\/wp-json\/wp\/v2\/product\/97940"}],"collection":[{"href":"https:\/\/www.keramika.com\/srbija\/wp-json\/wp\/v2\/product"}],"about":[{"href":"https:\/\/www.keramika.com\/srbija\/wp-json\/wp\/v2\/types\/product"}],"wp:featuredmedia":[{"embeddable":true,"href":"https:\/\/www.keramika.com\/srbija\/wp-json\/wp\/v2\/media\/97941"}],"wp:attachment":[{"href":"https:\/\/www.keramika.com\/srbija\/wp-json\/wp\/v2\/media?parent=97940"}],"wp:term":[{"taxonomy":"product_cat","embeddable":true,"href":"https:\/\/www.keramika.com\/srbija\/wp-json\/wp\/v2\/product_cat?post=97940"},{"taxonomy":"product_tag","embeddable":true,"href":"https:\/\/www.keramika.com\/srbija\/wp-json\/wp\/v2\/product_tag?post=97940"}],"curies":[{"name":"wp","href":"https:\/\/api.w.org\/{rel}","templated":true}]}}