{"id":97938,"date":"2017-07-02T18:17:26","date_gmt":"2017-07-02T18:17:26","guid":{"rendered":"http:\/\/www.ceramictiles.com\/srbija\/product\/exadeco-11\/"},"modified":"2017-07-02T18:17:26","modified_gmt":"2017-07-02T18:17:26","slug":"exadeco-11","status":"publish","type":"product","link":"https:\/\/www.keramika.com\/srbija\/exadeco-11\/","title":{"rendered":"Exadeco 11"},"content":{"rendered":"<p>Plo\u010dice plave boje, su letos izuzetno tre\u017eene. Plo\u010dica 15&#215;15 cm je dobra za ve\u0107 razli\u010ditih namena. Exadeco 11 je proizvod iz Italije te je izuzetno kvalitetna. Plo\u010dica je debela 8 mm, \u0161to je ubraja u tvrde plo\u010dice.<\/p>\n<p>Kliknite na ime serije za sve plo\u010dice u toj seriji: <a class=\"pdfcatal\" href=\"\/\/www.ceramictiles.com\/pdf\/tonalite\/exa.pdf\" onclick=\"recordOutboundLink(this, 'E-mail', 'Description PDF');return false;\">Tonalite Exa<\/a><\/p>\n<p>Da bi naru\u010dili model iz PDF kataloga ove serije, molimo vas, da nas kontaktirate na: <a href=\"mailto:zo_mi@ceramictiles.com\" onclick=\"recordOutboundLink(this, 'E-mail', 'Description mail');return false;\">zo_mi@ceramictiles.com<\/a> ili nas pozovite na: For exact offer, PLS send us quantity and product you need with delivery address..<\/p>\n<p>Technical description: 15,3&#215;17,5 cm<\/p>\n","protected":false},"excerpt":{"rendered":"<p>Plo\u010dice plave boje, su letos izuzetno tre\u017eene. Plo\u010dica 15&#215;15 cm je dobra za ve\u0107 razli\u010ditih namena. Exadeco 11 je proizvod iz Italije te je izuzetno kvalitetna. Plo\u010dica je debela 8 mm, \u0161to je ubraja u tvrde plo\u010dice. Kliknite na ime serije za sve plo\u010dice u toj seriji: Tonalite Exa Da bi naru\u010dili model iz PDF [&hellip;]<\/p>\n","protected":false},"featured_media":97939,"template":"","meta":[],"product_cat":[200,230,999,9991048,250],"product_tag":[],"_links":{"self":[{"href":"https:\/\/www.keramika.com\/srbija\/wp-json\/wp\/v2\/product\/97938"}],"collection":[{"href":"https:\/\/www.keramika.com\/srbija\/wp-json\/wp\/v2\/product"}],"about":[{"href":"https:\/\/www.keramika.com\/srbija\/wp-json\/wp\/v2\/types\/product"}],"wp:featuredmedia":[{"embeddable":true,"href":"https:\/\/www.keramika.com\/srbija\/wp-json\/wp\/v2\/media\/97939"}],"wp:attachment":[{"href":"https:\/\/www.keramika.com\/srbija\/wp-json\/wp\/v2\/media?parent=97938"}],"wp:term":[{"taxonomy":"product_cat","embeddable":true,"href":"https:\/\/www.keramika.com\/srbija\/wp-json\/wp\/v2\/product_cat?post=97938"},{"taxonomy":"product_tag","embeddable":true,"href":"https:\/\/www.keramika.com\/srbija\/wp-json\/wp\/v2\/product_tag?post=97938"}],"curies":[{"name":"wp","href":"https:\/\/api.w.org\/{rel}","templated":true}]}}