{"id":97870,"date":"2017-07-02T18:06:32","date_gmt":"2017-07-02T18:06:32","guid":{"rendered":"http:\/\/www.ceramictiles.com\/srbija\/product\/diamante-bat-dia-ve\/"},"modified":"2017-07-02T18:06:32","modified_gmt":"2017-07-02T18:06:32","slug":"diamante-bat-dia-ve","status":"publish","type":"product","link":"https:\/\/www.keramika.com\/srbija\/diamante-bat-dia-ve\/","title":{"rendered":"Diamante Bat Dia Ve"},"content":{"rendered":"<p>Izuzetno moderne plo\u010dice zelene boje, osve\u017eit \u0107e svaki prostor. Veli\u010dina ove plo\u010dice je 15&#215;15 cm. Plo\u010dice dolaze iz Italije, koja je poznata po kvalitetnoj keramiki. Plo\u010dica je debela 8 mm, \u0161to je ubraja u tvrde plo\u010dice.<\/p>\n<p>Kliknite na ime serije za sve plo\u010dice u toj seriji: <a class=\"pdfcatal\" href=\"\/\/www.ceramictiles.com\/pdf\/tonalite\/diamante.pdf\" onclick=\"recordOutboundLink(this, 'E-mail', 'Description PDF');return false;\">Tonalite Diamante<\/a><\/p>\n<p>Da bi naru\u010dili model iz PDF kataloga ove serije, molimo vas, da nas kontaktirate na: <a href=\"mailto:zo_mi@ceramictiles.com\" onclick=\"recordOutboundLink(this, 'E-mail', 'Description mail');return false;\">zo_mi@ceramictiles.com<\/a> ili nas pozovite na: For exact offer, PLS send us quantity and product you need with delivery address..<\/p>\n","protected":false},"excerpt":{"rendered":"<p>Izuzetno moderne plo\u010dice zelene boje, osve\u017eit \u0107e svaki prostor. Veli\u010dina ove plo\u010dice je 15&#215;15 cm. Plo\u010dice dolaze iz Italije, koja je poznata po kvalitetnoj keramiki. Plo\u010dica je debela 8 mm, \u0161to je ubraja u tvrde plo\u010dice. Kliknite na ime serije za sve plo\u010dice u toj seriji: Tonalite Diamante Da bi naru\u010dili model iz PDF kataloga [&hellip;]<\/p>\n","protected":false},"featured_media":97871,"template":"","meta":[],"product_cat":[200,230,999,9991048,250],"product_tag":[],"_links":{"self":[{"href":"https:\/\/www.keramika.com\/srbija\/wp-json\/wp\/v2\/product\/97870"}],"collection":[{"href":"https:\/\/www.keramika.com\/srbija\/wp-json\/wp\/v2\/product"}],"about":[{"href":"https:\/\/www.keramika.com\/srbija\/wp-json\/wp\/v2\/types\/product"}],"wp:featuredmedia":[{"embeddable":true,"href":"https:\/\/www.keramika.com\/srbija\/wp-json\/wp\/v2\/media\/97871"}],"wp:attachment":[{"href":"https:\/\/www.keramika.com\/srbija\/wp-json\/wp\/v2\/media?parent=97870"}],"wp:term":[{"taxonomy":"product_cat","embeddable":true,"href":"https:\/\/www.keramika.com\/srbija\/wp-json\/wp\/v2\/product_cat?post=97870"},{"taxonomy":"product_tag","embeddable":true,"href":"https:\/\/www.keramika.com\/srbija\/wp-json\/wp\/v2\/product_tag?post=97870"}],"curies":[{"name":"wp","href":"https:\/\/api.w.org\/{rel}","templated":true}]}}