{"id":97842,"date":"2017-07-02T18:02:34","date_gmt":"2017-07-02T18:02:34","guid":{"rendered":"http:\/\/www.ceramictiles.com\/srbija\/product\/diamante-565\/"},"modified":"2017-07-02T18:02:34","modified_gmt":"2017-07-02T18:02:34","slug":"diamante-565","status":"publish","type":"product","link":"https:\/\/www.keramika.com\/srbija\/diamante-565\/","title":{"rendered":"Diamante 565"},"content":{"rendered":"<p>Debljina plo\u010dice, je vrlo va\u017ena 8 mm i ubraja tu plo\u010dicu me\u0111u najkvalitetnije. Ove plo\u010dice dolaze od proizvo\u0111a\u010da Tonalite, iz Italije. Plo\u010dice be\u017e boje, su letos izuzetno tre\u017eene. Veli\u010dina plo\u010dice je 15&#215;15 cm i odli\u010dna je za razli\u010dite povr\u0161ine.<\/p>\n<p>Kliknite na ime serije za sve plo\u010dice u toj seriji: <a class=\"pdfcatal\" href=\"\/\/www.ceramictiles.com\/pdf\/tonalite\/diamante.pdf\" onclick=\"recordOutboundLink(this, 'E-mail', 'Description PDF');return false;\">Tonalite Diamante<\/a><\/p>\n<p>Da bi naru\u010dili model iz PDF kataloga ove serije, molimo vas, da nas kontaktirate na: <a href=\"mailto:zo_mi@ceramictiles.com\" onclick=\"recordOutboundLink(this, 'E-mail', 'Description mail');return false;\">zo_mi@ceramictiles.com<\/a> ili nas pozovite na: For exact offer, PLS send us quantity and product you need with delivery address..<\/p>\n","protected":false},"excerpt":{"rendered":"<p>Debljina plo\u010dice, je vrlo va\u017ena 8 mm i ubraja tu plo\u010dicu me\u0111u najkvalitetnije. Ove plo\u010dice dolaze od proizvo\u0111a\u010da Tonalite, iz Italije. Plo\u010dice be\u017e boje, su letos izuzetno tre\u017eene. Veli\u010dina plo\u010dice je 15&#215;15 cm i odli\u010dna je za razli\u010dite povr\u0161ine. Kliknite na ime serije za sve plo\u010dice u toj seriji: Tonalite Diamante Da bi naru\u010dili model [&hellip;]<\/p>\n","protected":false},"featured_media":97843,"template":"","meta":[],"product_cat":[200,230,999,9991048,250],"product_tag":[],"_links":{"self":[{"href":"https:\/\/www.keramika.com\/srbija\/wp-json\/wp\/v2\/product\/97842"}],"collection":[{"href":"https:\/\/www.keramika.com\/srbija\/wp-json\/wp\/v2\/product"}],"about":[{"href":"https:\/\/www.keramika.com\/srbija\/wp-json\/wp\/v2\/types\/product"}],"wp:featuredmedia":[{"embeddable":true,"href":"https:\/\/www.keramika.com\/srbija\/wp-json\/wp\/v2\/media\/97843"}],"wp:attachment":[{"href":"https:\/\/www.keramika.com\/srbija\/wp-json\/wp\/v2\/media?parent=97842"}],"wp:term":[{"taxonomy":"product_cat","embeddable":true,"href":"https:\/\/www.keramika.com\/srbija\/wp-json\/wp\/v2\/product_cat?post=97842"},{"taxonomy":"product_tag","embeddable":true,"href":"https:\/\/www.keramika.com\/srbija\/wp-json\/wp\/v2\/product_tag?post=97842"}],"curies":[{"name":"wp","href":"https:\/\/api.w.org\/{rel}","templated":true}]}}