{"id":97838,"date":"2017-07-02T18:01:58","date_gmt":"2017-07-02T18:01:58","guid":{"rendered":"http:\/\/www.ceramictiles.com\/srbija\/product\/diamante-563\/"},"modified":"2017-07-02T18:01:58","modified_gmt":"2017-07-02T18:01:58","slug":"diamante-563","status":"publish","type":"product","link":"https:\/\/www.keramika.com\/srbija\/diamante-563\/","title":{"rendered":"Diamante 563"},"content":{"rendered":"<p>Veli\u010dina 15&#215;15 cm je odli\u010dna za sve podloge. Diamante 563 je proizvod iz Italije te je izuzetno kvalitetna. Ove crvene kerami\u010dke plo\u010dice, obogatit \u0107e svaki prostor. 8 mm debljine je dovoljno za zahtevnije kupce.<\/p>\n<p>Kliknite na ime serije za sve plo\u010dice u toj seriji: <a class=\"pdfcatal\" href=\"\/\/www.ceramictiles.com\/pdf\/tonalite\/diamante.pdf\" onclick=\"recordOutboundLink(this, 'E-mail', 'Description PDF');return false;\">Tonalite Diamante<\/a><\/p>\n<p>Da bi naru\u010dili model iz PDF kataloga ove serije, molimo vas, da nas kontaktirate na: <a href=\"mailto:zo_mi@ceramictiles.com\" onclick=\"recordOutboundLink(this, 'E-mail', 'Description mail');return false;\">zo_mi@ceramictiles.com<\/a> ili nas pozovite na: For exact offer, PLS send us quantity and product you need with delivery address..<\/p>\n","protected":false},"excerpt":{"rendered":"<p>Veli\u010dina 15&#215;15 cm je odli\u010dna za sve podloge. Diamante 563 je proizvod iz Italije te je izuzetno kvalitetna. Ove crvene kerami\u010dke plo\u010dice, obogatit \u0107e svaki prostor. 8 mm debljine je dovoljno za zahtevnije kupce. Kliknite na ime serije za sve plo\u010dice u toj seriji: Tonalite Diamante Da bi naru\u010dili model iz PDF kataloga ove serije, [&hellip;]<\/p>\n","protected":false},"featured_media":97839,"template":"","meta":[],"product_cat":[200,230,999,9991048,250],"product_tag":[],"_links":{"self":[{"href":"https:\/\/www.keramika.com\/srbija\/wp-json\/wp\/v2\/product\/97838"}],"collection":[{"href":"https:\/\/www.keramika.com\/srbija\/wp-json\/wp\/v2\/product"}],"about":[{"href":"https:\/\/www.keramika.com\/srbija\/wp-json\/wp\/v2\/types\/product"}],"wp:featuredmedia":[{"embeddable":true,"href":"https:\/\/www.keramika.com\/srbija\/wp-json\/wp\/v2\/media\/97839"}],"wp:attachment":[{"href":"https:\/\/www.keramika.com\/srbija\/wp-json\/wp\/v2\/media?parent=97838"}],"wp:term":[{"taxonomy":"product_cat","embeddable":true,"href":"https:\/\/www.keramika.com\/srbija\/wp-json\/wp\/v2\/product_cat?post=97838"},{"taxonomy":"product_tag","embeddable":true,"href":"https:\/\/www.keramika.com\/srbija\/wp-json\/wp\/v2\/product_tag?post=97838"}],"curies":[{"name":"wp","href":"https:\/\/api.w.org\/{rel}","templated":true}]}}