{"id":97794,"date":"2017-07-02T17:55:01","date_gmt":"2017-07-02T17:55:01","guid":{"rendered":"http:\/\/www.ceramictiles.com\/srbija\/product\/diamante-1304\/"},"modified":"2017-07-02T17:55:01","modified_gmt":"2017-07-02T17:55:01","slug":"diamante-1304","status":"publish","type":"product","link":"https:\/\/www.keramika.com\/srbija\/diamante-1304\/","title":{"rendered":"Diamante 1304"},"content":{"rendered":"<p>plo\u010dica proizvo\u0111a\u010da Tonalite iz Italije. Dimenzije ovih plo\u010dica su 15&#215;15 cm. 8 mm debljina \u0107e zadovoljiti i najzahtevnije kupce. Ove plave kerami\u010dke plo\u010dice, obogatit \u0107e svaki prostor.<\/p>\n<p>Kliknite na ime serije za sve plo\u010dice u toj seriji: <a class=\"pdfcatal\" href=\"\/\/www.ceramictiles.com\/pdf\/tonalite\/diamante.pdf\" onclick=\"recordOutboundLink(this, 'E-mail', 'Description PDF');return false;\">Tonalite Diamante<\/a><\/p>\n<p>Da bi naru\u010dili model iz PDF kataloga ove serije, molimo vas, da nas kontaktirate na: <a href=\"mailto:zo_mi@ceramictiles.com\" onclick=\"recordOutboundLink(this, 'E-mail', 'Description mail');return false;\">zo_mi@ceramictiles.com<\/a> ili nas pozovite na: For exact offer, PLS send us quantity and product you need with delivery address..<\/p>\n","protected":false},"excerpt":{"rendered":"<p>plo\u010dica proizvo\u0111a\u010da Tonalite iz Italije. Dimenzije ovih plo\u010dica su 15&#215;15 cm. 8 mm debljina \u0107e zadovoljiti i najzahtevnije kupce. Ove plave kerami\u010dke plo\u010dice, obogatit \u0107e svaki prostor. Kliknite na ime serije za sve plo\u010dice u toj seriji: Tonalite Diamante Da bi naru\u010dili model iz PDF kataloga ove serije, molimo vas, da nas kontaktirate na: zo_mi@ceramictiles.com [&hellip;]<\/p>\n","protected":false},"featured_media":97795,"template":"","meta":[],"product_cat":[200,230,999,9991048,250],"product_tag":[],"_links":{"self":[{"href":"https:\/\/www.keramika.com\/srbija\/wp-json\/wp\/v2\/product\/97794"}],"collection":[{"href":"https:\/\/www.keramika.com\/srbija\/wp-json\/wp\/v2\/product"}],"about":[{"href":"https:\/\/www.keramika.com\/srbija\/wp-json\/wp\/v2\/types\/product"}],"wp:featuredmedia":[{"embeddable":true,"href":"https:\/\/www.keramika.com\/srbija\/wp-json\/wp\/v2\/media\/97795"}],"wp:attachment":[{"href":"https:\/\/www.keramika.com\/srbija\/wp-json\/wp\/v2\/media?parent=97794"}],"wp:term":[{"taxonomy":"product_cat","embeddable":true,"href":"https:\/\/www.keramika.com\/srbija\/wp-json\/wp\/v2\/product_cat?post=97794"},{"taxonomy":"product_tag","embeddable":true,"href":"https:\/\/www.keramika.com\/srbija\/wp-json\/wp\/v2\/product_tag?post=97794"}],"curies":[{"name":"wp","href":"https:\/\/api.w.org\/{rel}","templated":true}]}}