{"id":97751,"date":"2017-07-02T17:45:08","date_gmt":"2017-07-02T17:45:08","guid":{"rendered":"http:\/\/www.ceramictiles.com\/srbija\/product\/arabesque-silk\/"},"modified":"2017-07-02T17:45:08","modified_gmt":"2017-07-02T17:45:08","slug":"arabesque-silk","status":"publish","type":"product","link":"https:\/\/www.keramika.com\/srbija\/arabesque-silk\/","title":{"rendered":"Arabesque silk"},"content":{"rendered":"<p>Veli\u010dina plo\u010dice je 15&#215;15 cm i odli\u010dna je za razli\u010dite povr\u0161ine. Ta kolekcija, model plo\u010dice, se prodaje najvi\u0161e crne boje. Ove plo\u010dice dolaze od proizvo\u0111a\u010da Tonalite, iz Italije. 8 mm debljina \u0107e zadovoljiti i najzahtevnije kupce.<\/p>\n<p>Kliknite na ime serije za sve plo\u010dice u toj seriji: <a class=\"pdfcatal\" href=\"\/\/www.ceramictiles.com\/pdf\/tonalite\/arabesque_silk.pdf\" onclick=\"recordOutboundLink(this, 'E-mail', 'Description PDF');return false;\">Tonalite Arabesque silk<\/a><\/p>\n<p>Da bi naru\u010dili model iz PDF kataloga ove serije, molimo vas, da nas kontaktirate na: <a href=\"mailto:zo_mi@ceramictiles.com\" onclick=\"recordOutboundLink(this, 'E-mail', 'Description mail');return false;\">zo_mi@ceramictiles.com<\/a> ili nas pozovite na: For exact offer, PLS send us quantity and product you need with delivery address..<\/p>\n<p>Technical description: 14,5&#215;14,5 cm<\/p>\n","protected":false},"excerpt":{"rendered":"<p>Veli\u010dina plo\u010dice je 15&#215;15 cm i odli\u010dna je za razli\u010dite povr\u0161ine. Ta kolekcija, model plo\u010dice, se prodaje najvi\u0161e crne boje. Ove plo\u010dice dolaze od proizvo\u0111a\u010da Tonalite, iz Italije. 8 mm debljina \u0107e zadovoljiti i najzahtevnije kupce. Kliknite na ime serije za sve plo\u010dice u toj seriji: Tonalite Arabesque silk Da bi naru\u010dili model iz PDF [&hellip;]<\/p>\n","protected":false},"featured_media":97752,"template":"","meta":[],"product_cat":[200,230,999,9991048,250],"product_tag":[],"_links":{"self":[{"href":"https:\/\/www.keramika.com\/srbija\/wp-json\/wp\/v2\/product\/97751"}],"collection":[{"href":"https:\/\/www.keramika.com\/srbija\/wp-json\/wp\/v2\/product"}],"about":[{"href":"https:\/\/www.keramika.com\/srbija\/wp-json\/wp\/v2\/types\/product"}],"wp:featuredmedia":[{"embeddable":true,"href":"https:\/\/www.keramika.com\/srbija\/wp-json\/wp\/v2\/media\/97752"}],"wp:attachment":[{"href":"https:\/\/www.keramika.com\/srbija\/wp-json\/wp\/v2\/media?parent=97751"}],"wp:term":[{"taxonomy":"product_cat","embeddable":true,"href":"https:\/\/www.keramika.com\/srbija\/wp-json\/wp\/v2\/product_cat?post=97751"},{"taxonomy":"product_tag","embeddable":true,"href":"https:\/\/www.keramika.com\/srbija\/wp-json\/wp\/v2\/product_tag?post=97751"}],"curies":[{"name":"wp","href":"https:\/\/api.w.org\/{rel}","templated":true}]}}