{"id":97607,"date":"2017-07-02T17:19:53","date_gmt":"2017-07-02T17:19:53","guid":{"rendered":"http:\/\/www.ceramictiles.com\/srbija\/product\/bouquet-stone\/"},"modified":"2026-01-05T00:00:52","modified_gmt":"2026-01-05T00:00:52","slug":"bouquet-stone","status":"publish","type":"product","link":"https:\/\/www.keramika.com\/srbija\/bouquet-stone\/","title":{"rendered":"Bouquet Stone"},"content":{"rendered":"<p>mm debljine je dovoljno za zahtevnije kupce. Bouquet Stone je proizvod iz \u0160panije te je izuzetno kvalitetna. Keramika je prekrasne plave boje. U koliko \u017eelite neku drugu boju, pozovite nas i mi \u0107emo proveriti kod proizvo\u0111a\u010da. U maloprodaji bi morali za tu plo\u010dicu platiti 8975 RSD, online cena je samo 7180 RSD. Veli\u010dina plo\u010dice je 22,5&#215;22,5 cm i odli\u010dna je za razli\u010dite povr\u0161ine.<\/p>\n<p>Kliknite na ime serije za sve plo\u010dice u toj seriji: <a class=\"pdfcatal\" href=\"\/\/www.ceramictiles.com\/pdf\/bouquet\/catalogue_bouquet_stone.pdf\">Bouquet ceramic Stone<\/a><\/p>\n<p>Da bi naru\u010dili model iz PDF kataloga ove serije, molimo vas, da nas kontaktirate na: <a href=\"mailto:zo_mi@ceramictiles.com\">zo_mi@ceramictiles.com<\/a> ili nas pozovite na: For exact offer, PLS send us quantity and product you need with delivery address..<\/p>\n<p>Technical description: 22,3&#215;23,5<\/p>\n","protected":false},"excerpt":{"rendered":"<p>mm debljine je dovoljno za zahtevnije kupce. Bouquet Stone je proizvod iz \u0160panije te je izuzetno kvalitetna. Keramika je prekrasne plave boje. U koliko \u017eelite neku drugu boju, pozovite nas i mi \u0107emo proveriti kod proizvo\u0111a\u010da. U maloprodaji bi morali za tu plo\u010dicu platiti 8975 RSD, online cena je samo 7180 RSD. Veli\u010dina plo\u010dice je [&hellip;]<\/p>\n","protected":false},"featured_media":97608,"template":"","meta":[],"product_cat":[99921431,200,999,250],"product_tag":[],"_links":{"self":[{"href":"https:\/\/www.keramika.com\/srbija\/wp-json\/wp\/v2\/product\/97607"}],"collection":[{"href":"https:\/\/www.keramika.com\/srbija\/wp-json\/wp\/v2\/product"}],"about":[{"href":"https:\/\/www.keramika.com\/srbija\/wp-json\/wp\/v2\/types\/product"}],"wp:featuredmedia":[{"embeddable":true,"href":"https:\/\/www.keramika.com\/srbija\/wp-json\/wp\/v2\/media\/97608"}],"wp:attachment":[{"href":"https:\/\/www.keramika.com\/srbija\/wp-json\/wp\/v2\/media?parent=97607"}],"wp:term":[{"taxonomy":"product_cat","embeddable":true,"href":"https:\/\/www.keramika.com\/srbija\/wp-json\/wp\/v2\/product_cat?post=97607"},{"taxonomy":"product_tag","embeddable":true,"href":"https:\/\/www.keramika.com\/srbija\/wp-json\/wp\/v2\/product_tag?post=97607"}],"curies":[{"name":"wp","href":"https:\/\/api.w.org\/{rel}","templated":true}]}}