{"id":97599,"date":"2017-07-02T17:17:56","date_gmt":"2017-07-02T17:17:56","guid":{"rendered":"http:\/\/www.ceramictiles.com\/srbija\/product\/bouquet-pop-decor\/"},"modified":"2026-01-05T00:00:51","modified_gmt":"2026-01-05T00:00:51","slug":"bouquet-pop-decor","status":"publish","type":"product","link":"https:\/\/www.keramika.com\/srbija\/bouquet-pop-decor\/","title":{"rendered":"Bouquet Pop Decor"},"content":{"rendered":"<p>Proizvodnja \u0160panije ,koja je poznata u svetu, kao jedana od najboljih proizvo\u0111a\u010da kerami\u010dkih plo\u010dica. Online cena je samo 9537,5 RSD, dok redovna, maloprodajna cena 11922,5 RSD. Ove \u017eute kerami\u010dke plo\u010dice, obogatit \u0107e svaki prostor. Plo\u010dica na sliki je 22,5&#215;22,5 cm. Debljina mm \u010dini plo\u010dicu vrlo izdr\u017eljivom i prijatnom na dodir.<\/p>\n<p>Kliknite na ime serije za sve plo\u010dice u toj seriji: <a class=\"pdfcatal\" href=\"\/\/www.ceramictiles.com\/pdf\/bouquet\/catalogue_bouquet_pop.pdf\">Bouquet ceramic Pop<\/a><\/p>\n<p>Da bi naru\u010dili model iz PDF kataloga ove serije, molimo vas, da nas kontaktirate na: <a href=\"mailto:zo_mi@ceramictiles.com\">zo_mi@ceramictiles.com<\/a> ili nas pozovite na: For exact offer, PLS send us quantity and product you need with delivery address..<\/p>\n<p>Technical description: 22,3&#215;23,5<\/p>\n","protected":false},"excerpt":{"rendered":"<p>Proizvodnja \u0160panije ,koja je poznata u svetu, kao jedana od najboljih proizvo\u0111a\u010da kerami\u010dkih plo\u010dica. Online cena je samo 9537,5 RSD, dok redovna, maloprodajna cena 11922,5 RSD. Ove \u017eute kerami\u010dke plo\u010dice, obogatit \u0107e svaki prostor. Plo\u010dica na sliki je 22,5&#215;22,5 cm. Debljina mm \u010dini plo\u010dicu vrlo izdr\u017eljivom i prijatnom na dodir. Kliknite na ime serije za [&hellip;]<\/p>\n","protected":false},"featured_media":97600,"template":"","meta":[],"product_cat":[99921431,200,999,250],"product_tag":[],"_links":{"self":[{"href":"https:\/\/www.keramika.com\/srbija\/wp-json\/wp\/v2\/product\/97599"}],"collection":[{"href":"https:\/\/www.keramika.com\/srbija\/wp-json\/wp\/v2\/product"}],"about":[{"href":"https:\/\/www.keramika.com\/srbija\/wp-json\/wp\/v2\/types\/product"}],"wp:featuredmedia":[{"embeddable":true,"href":"https:\/\/www.keramika.com\/srbija\/wp-json\/wp\/v2\/media\/97600"}],"wp:attachment":[{"href":"https:\/\/www.keramika.com\/srbija\/wp-json\/wp\/v2\/media?parent=97599"}],"wp:term":[{"taxonomy":"product_cat","embeddable":true,"href":"https:\/\/www.keramika.com\/srbija\/wp-json\/wp\/v2\/product_cat?post=97599"},{"taxonomy":"product_tag","embeddable":true,"href":"https:\/\/www.keramika.com\/srbija\/wp-json\/wp\/v2\/product_tag?post=97599"}],"curies":[{"name":"wp","href":"https:\/\/api.w.org\/{rel}","templated":true}]}}