{"id":97591,"date":"2017-07-02T17:16:03","date_gmt":"2017-07-02T17:16:03","guid":{"rendered":"http:\/\/www.ceramictiles.com\/srbija\/product\/bouquet-pop\/"},"modified":"2026-01-05T00:00:51","modified_gmt":"2026-01-05T00:00:51","slug":"bouquet-pop","status":"publish","type":"product","link":"https:\/\/www.keramika.com\/srbija\/bouquet-pop\/","title":{"rendered":"Bouquet Pop"},"content":{"rendered":"<p>Bouquet Pop je proizvod iz \u0160panije te je izuzetno kvalitetna. Umesto 10837,5 RSD \u0161to je redovna maloprodajna cena keramike, u na\u0161oj online prodavnici, je mo\u017eete dobiti za samo 8670 RSD. Ove \u017eute kerami\u010dke plo\u010dice, obogatit \u0107e svaki prostor. Ova plo\u010dica je debela mm i zato je izuzetno izdr\u017eljiva. Veli\u010dina ove plo\u010dice je 22,5&#215;22,5 cm.<\/p>\n<p>Kliknite na ime serije za sve plo\u010dice u toj seriji: <a class=\"pdfcatal\" href=\"\/\/www.ceramictiles.com\/pdf\/bouquet\/catalogue_bouquet_pop.pdf\">Bouquet ceramic Pop<\/a><\/p>\n<p>Da bi naru\u010dili model iz PDF kataloga ove serije, molimo vas, da nas kontaktirate na: <a href=\"mailto:zo_mi@ceramictiles.com\">zo_mi@ceramictiles.com<\/a> ili nas pozovite na: For exact offer, PLS send us quantity and product you need with delivery address..<\/p>\n<p>Technical description: 22,3&#215;23,5<\/p>\n","protected":false},"excerpt":{"rendered":"<p>Bouquet Pop je proizvod iz \u0160panije te je izuzetno kvalitetna. Umesto 10837,5 RSD \u0161to je redovna maloprodajna cena keramike, u na\u0161oj online prodavnici, je mo\u017eete dobiti za samo 8670 RSD. Ove \u017eute kerami\u010dke plo\u010dice, obogatit \u0107e svaki prostor. Ova plo\u010dica je debela mm i zato je izuzetno izdr\u017eljiva. Veli\u010dina ove plo\u010dice je 22,5&#215;22,5 cm. Kliknite [&hellip;]<\/p>\n","protected":false},"featured_media":97592,"template":"","meta":[],"product_cat":[99921431,200,999,250],"product_tag":[],"_links":{"self":[{"href":"https:\/\/www.keramika.com\/srbija\/wp-json\/wp\/v2\/product\/97591"}],"collection":[{"href":"https:\/\/www.keramika.com\/srbija\/wp-json\/wp\/v2\/product"}],"about":[{"href":"https:\/\/www.keramika.com\/srbija\/wp-json\/wp\/v2\/types\/product"}],"wp:featuredmedia":[{"embeddable":true,"href":"https:\/\/www.keramika.com\/srbija\/wp-json\/wp\/v2\/media\/97592"}],"wp:attachment":[{"href":"https:\/\/www.keramika.com\/srbija\/wp-json\/wp\/v2\/media?parent=97591"}],"wp:term":[{"taxonomy":"product_cat","embeddable":true,"href":"https:\/\/www.keramika.com\/srbija\/wp-json\/wp\/v2\/product_cat?post=97591"},{"taxonomy":"product_tag","embeddable":true,"href":"https:\/\/www.keramika.com\/srbija\/wp-json\/wp\/v2\/product_tag?post=97591"}],"curies":[{"name":"wp","href":"https:\/\/api.w.org\/{rel}","templated":true}]}}