{"id":97575,"date":"2017-07-02T17:12:15","date_gmt":"2017-07-02T17:12:15","guid":{"rendered":"http:\/\/www.ceramictiles.com\/srbija\/product\/bouquet-metal\/"},"modified":"2026-01-05T00:00:51","modified_gmt":"2026-01-05T00:00:51","slug":"bouquet-metal","status":"publish","type":"product","link":"https:\/\/www.keramika.com\/srbija\/bouquet-metal\/","title":{"rendered":"Bouquet Metal"},"content":{"rendered":"<p>Online cena je samo 8670 RSD, dok redovna, maloprodajna cena 10837,5 RSD. Proizvodnja \u0160panije ,koja je poznata u svetu, kao jedana od najboljih proizvo\u0111a\u010da kerami\u010dkih plo\u010dica. Plo\u010dica na sliki je 22,5&#215;22,5 cm. U izboru plo\u010dica zelene boje, ne mo\u017eete pogre\u0161iti. Ova plo\u010dica je debela mm i zato je izuzetno izdr\u017eljiva.<\/p>\n<p>Kliknite na ime serije za sve plo\u010dice u toj seriji: <a class=\"pdfcatal\" href=\"\/\/www.ceramictiles.com\/pdf\/bouquet\/catalogue_bouquet_metal.pdf\">Bouquet ceramic Metal<\/a><\/p>\n<p>Da bi naru\u010dili model iz PDF kataloga ove serije, molimo vas, da nas kontaktirate na: <a href=\"mailto:zo_mi@ceramictiles.com\">zo_mi@ceramictiles.com<\/a> ili nas pozovite na: For exact offer, PLS send us quantity and product you need with delivery address..<\/p>\n<p>Technical description: 22,3&#215;23,5<\/p>\n","protected":false},"excerpt":{"rendered":"<p>Online cena je samo 8670 RSD, dok redovna, maloprodajna cena 10837,5 RSD. Proizvodnja \u0160panije ,koja je poznata u svetu, kao jedana od najboljih proizvo\u0111a\u010da kerami\u010dkih plo\u010dica. Plo\u010dica na sliki je 22,5&#215;22,5 cm. U izboru plo\u010dica zelene boje, ne mo\u017eete pogre\u0161iti. Ova plo\u010dica je debela mm i zato je izuzetno izdr\u017eljiva. Kliknite na ime serije za [&hellip;]<\/p>\n","protected":false},"featured_media":97576,"template":"","meta":[],"product_cat":[99921431,200,999,250],"product_tag":[],"_links":{"self":[{"href":"https:\/\/www.keramika.com\/srbija\/wp-json\/wp\/v2\/product\/97575"}],"collection":[{"href":"https:\/\/www.keramika.com\/srbija\/wp-json\/wp\/v2\/product"}],"about":[{"href":"https:\/\/www.keramika.com\/srbija\/wp-json\/wp\/v2\/types\/product"}],"wp:featuredmedia":[{"embeddable":true,"href":"https:\/\/www.keramika.com\/srbija\/wp-json\/wp\/v2\/media\/97576"}],"wp:attachment":[{"href":"https:\/\/www.keramika.com\/srbija\/wp-json\/wp\/v2\/media?parent=97575"}],"wp:term":[{"taxonomy":"product_cat","embeddable":true,"href":"https:\/\/www.keramika.com\/srbija\/wp-json\/wp\/v2\/product_cat?post=97575"},{"taxonomy":"product_tag","embeddable":true,"href":"https:\/\/www.keramika.com\/srbija\/wp-json\/wp\/v2\/product_tag?post=97575"}],"curies":[{"name":"wp","href":"https:\/\/api.w.org\/{rel}","templated":true}]}}