{"id":97535,"date":"2017-07-02T17:02:35","date_gmt":"2017-07-02T17:02:35","guid":{"rendered":"http:\/\/www.ceramictiles.com\/srbija\/product\/bouquet-diamonds-decor\/"},"modified":"2026-01-05T00:00:50","modified_gmt":"2026-01-05T00:00:50","slug":"bouquet-diamonds-decor","status":"publish","type":"product","link":"https:\/\/www.keramika.com\/srbija\/bouquet-diamonds-decor\/","title":{"rendered":"Bouquet Diamonds Decor"},"content":{"rendered":"<p>Ta kolekcija, model plo\u010dice, se prodaje najvi\u0161e \u017eute boje. plo\u010dica proizvo\u0111a\u010da Bouquet ceramic iz \u0160panije. Umesto 9597,5 RSD \u0161to je redovna maloprodajna cena keramike, u na\u0161oj online prodavnici, je mo\u017eete dobiti za samo 7677,5 RSD. mm debljina \u0107e zadovoljiti i najzahtevnije kupce. Plo\u010dica na sliki je 17,5&#215;20 cm.<\/p>\n<p>Kliknite na ime serije za sve plo\u010dice u toj seriji: <a class=\"pdfcatal\" href=\"\/\/www.ceramictiles.com\/pdf\/bouquet\/catalogue_bouquet_diamonds.pdf\">Bouquet ceramic Diamonds<\/a><\/p>\n<p>Da bi naru\u010dili model iz PDF kataloga ove serije, molimo vas, da nas kontaktirate na: <a href=\"mailto:zo_mi@ceramictiles.com\">zo_mi@ceramictiles.com<\/a> ili nas pozovite na: For exact offer, PLS send us quantity and product you need with delivery address..<\/p>\n<p>Technical description: 17,5&#215;30<\/p>\n","protected":false},"excerpt":{"rendered":"<p>Ta kolekcija, model plo\u010dice, se prodaje najvi\u0161e \u017eute boje. plo\u010dica proizvo\u0111a\u010da Bouquet ceramic iz \u0160panije. Umesto 9597,5 RSD \u0161to je redovna maloprodajna cena keramike, u na\u0161oj online prodavnici, je mo\u017eete dobiti za samo 7677,5 RSD. mm debljina \u0107e zadovoljiti i najzahtevnije kupce. Plo\u010dica na sliki je 17,5&#215;20 cm. Kliknite na ime serije za sve plo\u010dice [&hellip;]<\/p>\n","protected":false},"featured_media":97536,"template":"","meta":[],"product_cat":[99921431,200,999,250],"product_tag":[],"_links":{"self":[{"href":"https:\/\/www.keramika.com\/srbija\/wp-json\/wp\/v2\/product\/97535"}],"collection":[{"href":"https:\/\/www.keramika.com\/srbija\/wp-json\/wp\/v2\/product"}],"about":[{"href":"https:\/\/www.keramika.com\/srbija\/wp-json\/wp\/v2\/types\/product"}],"wp:featuredmedia":[{"embeddable":true,"href":"https:\/\/www.keramika.com\/srbija\/wp-json\/wp\/v2\/media\/97536"}],"wp:attachment":[{"href":"https:\/\/www.keramika.com\/srbija\/wp-json\/wp\/v2\/media?parent=97535"}],"wp:term":[{"taxonomy":"product_cat","embeddable":true,"href":"https:\/\/www.keramika.com\/srbija\/wp-json\/wp\/v2\/product_cat?post=97535"},{"taxonomy":"product_tag","embeddable":true,"href":"https:\/\/www.keramika.com\/srbija\/wp-json\/wp\/v2\/product_tag?post=97535"}],"curies":[{"name":"wp","href":"https:\/\/api.w.org\/{rel}","templated":true}]}}