{"id":97527,"date":"2017-07-02T17:00:20","date_gmt":"2017-07-02T17:00:20","guid":{"rendered":"http:\/\/www.ceramictiles.com\/srbija\/product\/bouquet-diamonds-3d\/"},"modified":"2026-01-05T00:00:49","modified_gmt":"2026-01-05T00:00:49","slug":"bouquet-diamonds-3d","status":"publish","type":"product","link":"https:\/\/www.keramika.com\/srbija\/bouquet-diamonds-3d\/","title":{"rendered":"Bouquet Diamonds 3D"},"content":{"rendered":"<p>\u0160irina i du\u017eina plo\u010dice su 17,5&#215;20 cm. mm debljina \u0107e zadovoljiti i najzahtevnije kupce. Ove bele kerami\u010dke plo\u010dice, obogatit \u0107e svaki prostor. Ove plo\u010dice dolaze od proizvo\u0111a\u010da Bouquet ceramic, iz \u0160panije. Bouquet Diamonds 3D je dostupna po vrlo povoljnim cenama 9242,5 RSD.<\/p>\n<p>Kliknite na ime serije za sve plo\u010dice u toj seriji: <a class=\"pdfcatal\" href=\"\/\/www.ceramictiles.com\/pdf\/bouquet\/catalogue_bouquet_diamonds.pdf\">Bouquet ceramic Diamonds<\/a><\/p>\n<p>Da bi naru\u010dili model iz PDF kataloga ove serije, molimo vas, da nas kontaktirate na: <a href=\"mailto:zo_mi@ceramictiles.com\">zo_mi@ceramictiles.com<\/a> ili nas pozovite na: For exact offer, PLS send us quantity and product you need with delivery address..<\/p>\n<p>Technical description: 17,5&#215;30<\/p>\n","protected":false},"excerpt":{"rendered":"<p>\u0160irina i du\u017eina plo\u010dice su 17,5&#215;20 cm. mm debljina \u0107e zadovoljiti i najzahtevnije kupce. Ove bele kerami\u010dke plo\u010dice, obogatit \u0107e svaki prostor. Ove plo\u010dice dolaze od proizvo\u0111a\u010da Bouquet ceramic, iz \u0160panije. Bouquet Diamonds 3D je dostupna po vrlo povoljnim cenama 9242,5 RSD. Kliknite na ime serije za sve plo\u010dice u toj seriji: Bouquet ceramic Diamonds [&hellip;]<\/p>\n","protected":false},"featured_media":97528,"template":"","meta":[],"product_cat":[99921431,200,999,250],"product_tag":[99950088],"_links":{"self":[{"href":"https:\/\/www.keramika.com\/srbija\/wp-json\/wp\/v2\/product\/97527"}],"collection":[{"href":"https:\/\/www.keramika.com\/srbija\/wp-json\/wp\/v2\/product"}],"about":[{"href":"https:\/\/www.keramika.com\/srbija\/wp-json\/wp\/v2\/types\/product"}],"wp:featuredmedia":[{"embeddable":true,"href":"https:\/\/www.keramika.com\/srbija\/wp-json\/wp\/v2\/media\/97528"}],"wp:attachment":[{"href":"https:\/\/www.keramika.com\/srbija\/wp-json\/wp\/v2\/media?parent=97527"}],"wp:term":[{"taxonomy":"product_cat","embeddable":true,"href":"https:\/\/www.keramika.com\/srbija\/wp-json\/wp\/v2\/product_cat?post=97527"},{"taxonomy":"product_tag","embeddable":true,"href":"https:\/\/www.keramika.com\/srbija\/wp-json\/wp\/v2\/product_tag?post=97527"}],"curies":[{"name":"wp","href":"https:\/\/api.w.org\/{rel}","templated":true}]}}